{"id":2,"date":"2026-02-27T16:40:52","date_gmt":"2026-02-27T16:40:52","guid":{"rendered":"https:\/\/www.bates.edu\/afroalgorhythms2026\/?page_id=2"},"modified":"2026-04-03T09:34:30","modified_gmt":"2026-04-03T13:34:30","slug":"2-2","status":"publish","type":"page","link":"https:\/\/www.bates.edu\/afroalgorhythms2026\/","title":{"rendered":"The Symposium &#8211; May 14 &amp; 15, 2026"},"content":{"rendered":"\n<p>Location: Bates College, Lewiston, ME<\/p>\n\n\n\n<p>The programs in Africana and Digital and Computational Studies at Bates College are proud to announce a symposium honoring the relationships between Black studies, the data-driven technological world, and our joint search for justice. We invite you to join us in an intellectual exploration of data, activism, community-partnership, knowledge production, artificial intelligence, research, and storytelling.<\/p>\n\n\n\n<p>Why this symposium? We come together in solidarity &#8211; solidarity in opposition to the hegemonies that seek to singularly wield the power of data and solidarity in the joy of our resistance.&nbsp; We are living in a critical moment in which objectivity and neutrality of data have been deployed to&nbsp; suppress histories, presents, and futures that matter to so many different cultures on the planet. We believe in the right to create knowledges. We demand the right to be heard. We boldly celebrate our cultural, intellectual, and creative communities. We challenge our intellectual endeavors to have real impact.&nbsp;<\/p>\n\n\n\n<p>The symposium is named AfroAlgorhythms to call attention to Afrodiasporic scientific knowledge. This requires a decentering of the West as the only source of knowledge. We celebrate 9th-century Uzbek-Iranian mathematician <a href=\"https:\/\/www.google.com\/search?q=Mu%E1%B8%A5ammad+ibn+M%C5%ABs%C4%81+al-Khw%C4%81rizm%C4%AB&amp;oq=algorithm+etymology&amp;gs_lcrp=EgZjaHJvbWUyCQgAEEUYORiABDIICAEQABgWGB4yCAgCEAAYFhgeMggIAxAAGBYYHjIICAQQABgWGB4yCAgFEAAYFhgeMggIBhAAGBYYHjIICAcQABgWGB4yBwgIEAAY7wUyBwgJEAAY7wXSAQk3MTQ4ajBqMTWoAgiwAgE&amp;sourceid=chrome&amp;ie=UTF-8&amp;ved=2ahUKEwjkp_qwwYaTAxUmmYkEHdpMLj8QgK4QegQIARAC\">Mu\u1e25ammad ibn M\u016bs\u0101 al-Khw\u0101rizm\u012b<\/a>, from whom the algorithm takes its name, who introduced the Hindu-Arabic numeral system to Europeans, still unaware of the concept of zero (from the Arabic word \u1e63ifr (\u0635\u0641\u0631), meaning empty).<\/p>\n\n\n\n<hr class=\"wp-block-separator has-alpha-channel-opacity\"\/>\n\n\n\n<h2 class=\"wp-block-heading\">Register Now (free)! <\/h2>\n\n\n\n<div class=\"wp-block-buttons is-layout-flex wp-block-buttons-is-layout-flex\">\n<div class=\"wp-block-button\"><a class=\"wp-block-button__link wp-element-button\" href=\"https:\/\/docs.google.com\/forms\/d\/e\/1FAIpQLSeyDdiyUeWTFP8HFdASNB4BrqFf0csowKjY-jZBccx3If62HA\/viewform?usp=header\">Registration Form<\/a><\/div>\n<\/div>\n\n\n\n<p>Deadline for registration is May 7th.<\/p>\n\n\n\n<hr class=\"wp-block-separator has-alpha-channel-opacity\"\/>\n\n\n\n<h2 class=\"wp-block-heading\">Featured Speakers<\/h2>\n\n\n\n<div class=\"wp-block-media-text is-stacked-on-mobile\" style=\"grid-template-columns:15% auto\"><figure class=\"wp-block-media-text__media\"><img loading=\"lazy\" decoding=\"async\" width=\"744\" height=\"900\" src=\"https:\/\/www.bates.edu\/afroalgorhythms2026\/files\/2026\/03\/Screenshot-2026-03-25-at-1.11.18-PM-744x900.webp\" alt=\"\" class=\"wp-image-210 size-full\" srcset=\"https:\/\/www.bates.edu\/afroalgorhythms2026\/files\/2026\/03\/Screenshot-2026-03-25-at-1.11.18-PM-744x900.webp 744w, https:\/\/www.bates.edu\/afroalgorhythms2026\/files\/2026\/03\/Screenshot-2026-03-25-at-1.11.18-PM-331x400.webp 331w, https:\/\/www.bates.edu\/afroalgorhythms2026\/files\/2026\/03\/Screenshot-2026-03-25-at-1.11.18-PM-768x929.webp 768w, https:\/\/www.bates.edu\/afroalgorhythms2026\/files\/2026\/03\/Screenshot-2026-03-25-at-1.11.18-PM-519x628.jpg 519w, https:\/\/www.bates.edu\/afroalgorhythms2026\/files\/2026\/03\/Screenshot-2026-03-25-at-1.11.18-PM-1269x1536.webp 1269w, https:\/\/www.bates.edu\/afroalgorhythms2026\/files\/2026\/03\/Screenshot-2026-03-25-at-1.11.18-PM.webp 1485w\" sizes=\"(max-width: 744px) 100vw, 744px\" \/><\/figure><div class=\"wp-block-media-text__content\">\n<p>Andr\u00e9 Brock, PhD: Associate Professor of Black Digital Media, Georgia Tech<\/p>\n\n\n\n<p>Talk Title: &#8220;Textural Frequencies: The Blues as a Digital Aesthetic&#8221;<\/p>\n\n\n\n<div class=\"wp-block-bates-shortcodes-btn btn-wrap\"><div class=\"btn-action\" role=\"button\" tabindex=\"0\" aria-controls=\"12280b51-9f49-4e65-a6b8-746c70a5b942\" aria-pressed=\"false\" aria-expanded=\"false\"><h3 class=\"btn-title\">Talk Description<\/h3><div class=\"btn-arrow\"><\/div><\/div><div class=\"btn-content\" id=\"12280b51-9f49-4e65-a6b8-746c70a5b942\">\n<p>Blues techn\u00e9 &#8211; the way that African-descended polyrhythms express call-and-response engagement to energize Black listeners and performers &#8211; offer insight how hashtags such as #SayHerName and #BlackLivesMatter perform similar rhythms of Black discursive catharsis on social media platforms like Black Twitter and Black Threads.<\/p>\n<\/div><\/div>\n<\/div><\/div>\n\n\n\n<div class=\"wp-block-media-text is-stacked-on-mobile\" style=\"grid-template-columns:15% auto\"><figure class=\"wp-block-media-text__media\"><img loading=\"lazy\" decoding=\"async\" width=\"500\" height=\"627\" src=\"https:\/\/www.bates.edu\/afroalgorhythms2026\/files\/2026\/03\/Cheryl-Townsend-Gilkes.webp\" alt=\"\" class=\"wp-image-190 size-full\" srcset=\"https:\/\/www.bates.edu\/afroalgorhythms2026\/files\/2026\/03\/Cheryl-Townsend-Gilkes.webp 500w, https:\/\/www.bates.edu\/afroalgorhythms2026\/files\/2026\/03\/Cheryl-Townsend-Gilkes-319x400.webp 319w\" sizes=\"(max-width: 500px) 100vw, 500px\" \/><\/figure><div class=\"wp-block-media-text__content\">\n<p>Cheryl Townsend Gilkes, PhD: Professor Emerita of African-American Studies and Sociology, Colby College<\/p>\n\n\n\n<p>Talk Title: &#8220;Until I See My Saviour Face to Face&#8217;: Black Women, Theophanies of Power, and Movements of the Spirit&#8221;<\/p>\n<\/div><\/div>\n\n\n\n<div class=\"wp-block-media-text is-stacked-on-mobile\" style=\"grid-template-columns:15% auto\"><figure class=\"wp-block-media-text__media\"><img loading=\"lazy\" decoding=\"async\" width=\"688\" height=\"900\" src=\"https:\/\/www.bates.edu\/afroalgorhythms2026\/files\/2026\/03\/K-Rambsy-688x900.webp\" alt=\"\" class=\"wp-image-188 size-full\" srcset=\"https:\/\/www.bates.edu\/afroalgorhythms2026\/files\/2026\/03\/K-Rambsy-688x900.webp 688w, https:\/\/www.bates.edu\/afroalgorhythms2026\/files\/2026\/03\/K-Rambsy-306x400.webp 306w, https:\/\/www.bates.edu\/afroalgorhythms2026\/files\/2026\/03\/K-Rambsy-768x1004.webp 768w, https:\/\/www.bates.edu\/afroalgorhythms2026\/files\/2026\/03\/K-Rambsy-480x628.jpg 480w, https:\/\/www.bates.edu\/afroalgorhythms2026\/files\/2026\/03\/K-Rambsy-1175x1536.webp 1175w, https:\/\/www.bates.edu\/afroalgorhythms2026\/files\/2026\/03\/K-Rambsy.webp 1242w\" sizes=\"(max-width: 688px) 100vw, 688px\" \/><\/figure><div class=\"wp-block-media-text__content\">\n<p class=\"has-text-align-left\">Kenton Rambsy, PhD: Associate Professor of African American Literature, Howard University<\/p>\n\n\n\n<p>Talk Title: &#8220;Mapping Black Literature: Data, Storytelling, and the Black Lit Network&#8221;<\/p>\n\n\n\n<div class=\"wp-block-bates-shortcodes-btn btn-wrap\"><div class=\"btn-action\" role=\"button\" tabindex=\"0\" aria-controls=\"f0821276-a5b2-43a3-936c-8d1e75720d2f\" aria-pressed=\"false\" aria-expanded=\"false\"><h3 class=\"btn-title\">Talk Description:<\/h3><div class=\"btn-arrow\"><\/div><\/div><div class=\"btn-content\" id=\"f0821276-a5b2-43a3-936c-8d1e75720d2f\">\n<p>This talk introduces the Black Lit Network, a collaborative digital humanities initiative that brings together scholars, technologists, and students to build datasets, visualizations, and digital resources focused on Black writers and Black artistic culture. As a co PI on the project, Dr. Kenton Rambsy discusses how the network uses the concept of literary data work to curate and analyze large collections of texts in order to reveal patterns in Black literature that are difficult to identify through traditional approaches alone.<\/p>\n\n\n\n<p>The presentation focuses especially on ongoing efforts to assemble datasets from hundreds of short stories by Black writers. By organizing information about characters, dialogue, and geographic settings, these projects demonstrate how structured literary data can illuminate recurring narrative patterns across generations of Black fiction while also creating new opportunities for visualization, interpretation, and public engagement with Black literary history.<\/p>\n\n\n\n<p>Black Lit Network:&nbsp;<a href=\"https:\/\/blacklitnetwork.isg.siue.edu\/\" target=\"_blank\" rel=\"noreferrer noopener\">https:\/\/blacklitnetwork.isg.siue.edu\/<\/a><\/p>\n<\/div><\/div>\n<\/div><\/div>\n\n\n\n<hr class=\"wp-block-separator has-alpha-channel-opacity\"\/>\n\n\n\n<h2 class=\"wp-block-heading\">Panel Details: <\/h2>\n\n\n\n<p><strong>Title: Artificial Intelligence and (In)Justice: Black Critique and Remaking the System<\/strong><\/p>\n\n\n\n<p>Facilitators: Baltasar Fra-Molinero, PhD, Professor of Hispanic Studies, Latin American and Latinx Studies, and Africana, Bates College; Charles Nero, PhD, Benjamin Mays Distinguished Professor of Rhetoric, Film and Screen Studies and Department Chair of Africana, Bates College.<\/p>\n\n\n\n<p>Panelists: Khalil Saucier, PhD, Professor of Critical Black Studies, Bucknell University; Carrie Diaz Eaton, PhD, Chair of Digital and Computational Studies, Bates College; Yuleibi De Los Santos, Bates College Class of 2026.<\/p>\n\n\n\n<hr class=\"wp-block-separator has-alpha-channel-opacity\"\/>\n\n\n\n<section class=\"wp-block-bates-framework-hover-boards hover-boards\">\n<div class=\"wp-block-bates-framework-hover-board hover-board\" style=\"background-image:url(https:\/\/www.bates.edu\/afroalgorhythms2026\/files\/2026\/03\/Screenshot-2026-03-03-at-7.35.32-PM.webp)\"><div class=\"_height\"><div class=\"_initially-hidden\"><p><\/p><a href=\"https:\/\/www.bates.edu\/africana\/\" class=\"sitewide-cta _secondary _outline \"><span>About Africana<\/span><svg class=\"arrow\" height=\"30px\" width=\"30px\" xmlns=\"http:\/\/www.w3.org\/2000\/svg\" viewBox=\"0 0 100 100\" x=\"0px\" y=\"0px\"><path d=\"M67.34,15.9a3.55,3.55,0,1,0-5,5L87.85,46.44H3.53a3.56,3.56,0,0,0,0,7.11H87.85L62.3,79.06a3.62,3.62,0,0,0,0,5,3.53,3.53,0,0,0,5,0l31.6-31.6a3.47,3.47,0,0,0,0-5Z\"><\/path><\/svg><\/a><\/div><h2>About Africana<\/h2><\/div><div class=\"_height _utility-clone\"><p><\/p><a href=\"https:\/\/www.bates.edu\/africana\/\" class=\"sitewide-cta _secondary _outline \"><span>About Africana<\/span><svg class=\"arrow\" height=\"30px\" width=\"30px\" xmlns=\"http:\/\/www.w3.org\/2000\/svg\" viewBox=\"0 0 100 100\" x=\"0px\" y=\"0px\"><path d=\"M67.34,15.9a3.55,3.55,0,1,0-5,5L87.85,46.44H3.53a3.56,3.56,0,0,0,0,7.11H87.85L62.3,79.06a3.62,3.62,0,0,0,0,5,3.53,3.53,0,0,0,5,0l31.6-31.6a3.47,3.47,0,0,0,0-5Z\"><\/path><\/svg><\/a><h2>About Africana<\/h2><\/div><\/div>\n\n\n\n<div class=\"wp-block-bates-framework-hover-board hover-board\" style=\"background-image:url(https:\/\/www.bates.edu\/afroalgorhythms2026\/files\/2026\/03\/DCSPhotoCarrie.webp)\"><div class=\"_height\"><div class=\"_initially-hidden\"><p><\/p><a href=\"https:\/\/www.bates.edu\/digital-computational-studies\/\" class=\"sitewide-cta _secondary _outline \"><span>About DCS<\/span><svg class=\"arrow\" height=\"30px\" width=\"30px\" xmlns=\"http:\/\/www.w3.org\/2000\/svg\" viewBox=\"0 0 100 100\" x=\"0px\" y=\"0px\"><path d=\"M67.34,15.9a3.55,3.55,0,1,0-5,5L87.85,46.44H3.53a3.56,3.56,0,0,0,0,7.11H87.85L62.3,79.06a3.62,3.62,0,0,0,0,5,3.53,3.53,0,0,0,5,0l31.6-31.6a3.47,3.47,0,0,0,0-5Z\"><\/path><\/svg><\/a><\/div><h2>About DCS<\/h2><\/div><div class=\"_height _utility-clone\"><p><\/p><a href=\"https:\/\/www.bates.edu\/digital-computational-studies\/\" class=\"sitewide-cta _secondary _outline \"><span>About DCS<\/span><svg class=\"arrow\" height=\"30px\" width=\"30px\" xmlns=\"http:\/\/www.w3.org\/2000\/svg\" viewBox=\"0 0 100 100\" x=\"0px\" y=\"0px\"><path d=\"M67.34,15.9a3.55,3.55,0,1,0-5,5L87.85,46.44H3.53a3.56,3.56,0,0,0,0,7.11H87.85L62.3,79.06a3.62,3.62,0,0,0,0,5,3.53,3.53,0,0,0,5,0l31.6-31.6a3.47,3.47,0,0,0,0-5Z\"><\/path><\/svg><\/a><h2>About DCS<\/h2><\/div><\/div>\n<\/section>\n\n\n\n<section class=\"wp-block-bates-framework-hover-boards hover-boards\">\n<div class=\"wp-block-bates-framework-hover-board hover-board\" style=\"background-image:false\"><div class=\"_height\"><div class=\"_initially-hidden\"><p><\/p><a class=\"sitewide-cta _secondary _outline \"><span><\/span><svg class=\"arrow\" height=\"30px\" width=\"30px\" xmlns=\"http:\/\/www.w3.org\/2000\/svg\" viewBox=\"0 0 100 100\" x=\"0px\" y=\"0px\"><path d=\"M67.34,15.9a3.55,3.55,0,1,0-5,5L87.85,46.44H3.53a3.56,3.56,0,0,0,0,7.11H87.85L62.3,79.06a3.62,3.62,0,0,0,0,5,3.53,3.53,0,0,0,5,0l31.6-31.6a3.47,3.47,0,0,0,0-5Z\"><\/path><\/svg><\/a><\/div><h2><\/h2><\/div><div class=\"_height _utility-clone\"><p><\/p><a class=\"sitewide-cta _secondary _outline \"><span><\/span><svg class=\"arrow\" height=\"30px\" width=\"30px\" xmlns=\"http:\/\/www.w3.org\/2000\/svg\" viewBox=\"0 0 100 100\" x=\"0px\" y=\"0px\"><path d=\"M67.34,15.9a3.55,3.55,0,1,0-5,5L87.85,46.44H3.53a3.56,3.56,0,0,0,0,7.11H87.85L62.3,79.06a3.62,3.62,0,0,0,0,5,3.53,3.53,0,0,0,5,0l31.6-31.6a3.47,3.47,0,0,0,0-5Z\"><\/path><\/svg><\/a><h2><\/h2><\/div><\/div>\n\n\n\n<div class=\"wp-block-bates-framework-hover-board hover-board\" style=\"background-image:false\"><div class=\"_height\"><div class=\"_initially-hidden\"><p><\/p><a class=\"sitewide-cta _secondary _outline \"><span><\/span><svg class=\"arrow\" height=\"30px\" width=\"30px\" xmlns=\"http:\/\/www.w3.org\/2000\/svg\" viewBox=\"0 0 100 100\" x=\"0px\" y=\"0px\"><path d=\"M67.34,15.9a3.55,3.55,0,1,0-5,5L87.85,46.44H3.53a3.56,3.56,0,0,0,0,7.11H87.85L62.3,79.06a3.62,3.62,0,0,0,0,5,3.53,3.53,0,0,0,5,0l31.6-31.6a3.47,3.47,0,0,0,0-5Z\"><\/path><\/svg><\/a><\/div><h2><\/h2><\/div><div class=\"_height _utility-clone\"><p><\/p><a class=\"sitewide-cta _secondary _outline \"><span><\/span><svg class=\"arrow\" height=\"30px\" width=\"30px\" xmlns=\"http:\/\/www.w3.org\/2000\/svg\" viewBox=\"0 0 100 100\" x=\"0px\" y=\"0px\"><path d=\"M67.34,15.9a3.55,3.55,0,1,0-5,5L87.85,46.44H3.53a3.56,3.56,0,0,0,0,7.11H87.85L62.3,79.06a3.62,3.62,0,0,0,0,5,3.53,3.53,0,0,0,5,0l31.6-31.6a3.47,3.47,0,0,0,0-5Z\"><\/path><\/svg><\/a><h2><\/h2><\/div><\/div>\n<\/section>\n\n\n\n<p><\/p>\n\n\n\n<h2 class=\"wp-block-heading\">Schedule<\/h2>\n\n\n\n<p><strong>Thursday, May 14<\/strong><br>5:30 &#8211; 6:00 Check-in <br>6:00 &#8211; 8:00 Dinner in honor of the late Professor Sue E. Houchins&nbsp;<br>Speaker: Dr. Cheryl Townsend Gilkes, Professor Emerita, Colby College<\/p>\n\n\n\n<p><strong>Friday, May 15<\/strong><br>8:00 &#8211; 8:30 Check-in and Networking<br>8:30 &#8211; 9:00 Welcome&nbsp;<br>9:00 &#8211; 10:00 Opening Plenary<br>10:00 &#8211; 10:30 Networking break<br>10:30 &#8211; 11:50 Contributed talks<br>12:00 &#8211; 2:15 Buffet Lunch + Panel<br>2:15 &#8211; 2:40 Networking break<br>2:40 &#8211; 4:00 Contributed talks<br>4:30 &#8211; 5:30 Poster session<br>6:00 &#8211; 8:00 Dinner\/Keynote\/Closing<\/p>\n\n\n\n<p><\/p>\n","protected":false},"excerpt":{"rendered":"<p>Location: Bates College, Lewiston, ME The programs in Africana and Digital and&hellip;<\/p>\n","protected":false},"author":428,"featured_media":0,"parent":0,"menu_order":0,"comment_status":"closed","ping_status":"closed","template":"","meta":{"_hide_ai_chatbot":false,"_ai_chatbot_style":"","associated_faculty":[],"_Page_Specific_Css":"","_bates_restrict_mod":false,"_dimp_site_id":"","_dimp_override_contact":false,"_table_of_contents_display":false,"_table_of_contents_location":"","_table_of_contents_disableSticky":false,"_is_featured":false,"footnotes":"","_bates_seo_meta_description":"Africana and Digital and Computational Studies at Bates College AfroAlgorhythms symposium on Black studies, data science, and AI. ","_bates_seo_block_robots":false,"_bates_seo_sharing_image_id":187,"_bates_seo_sharing_image_twitter_id":0,"_bates_seo_share_title":"A Symposium on Race, Data Science, and AI - May 14-15","_bates_seo_canonical_overwrite":"","_bates_seo_twitter_template":""},"class_list":["post-2","page","type-page","status-publish","hentry"],"_links":{"self":[{"href":"https:\/\/www.bates.edu\/afroalgorhythms2026\/wp-json\/wp\/v2\/pages\/2","targetHints":{"allow":["GET"]}}],"collection":[{"href":"https:\/\/www.bates.edu\/afroalgorhythms2026\/wp-json\/wp\/v2\/pages"}],"about":[{"href":"https:\/\/www.bates.edu\/afroalgorhythms2026\/wp-json\/wp\/v2\/types\/page"}],"author":[{"embeddable":true,"href":"https:\/\/www.bates.edu\/afroalgorhythms2026\/wp-json\/wp\/v2\/users\/428"}],"replies":[{"embeddable":true,"href":"https:\/\/www.bates.edu\/afroalgorhythms2026\/wp-json\/wp\/v2\/comments?post=2"}],"version-history":[{"count":70,"href":"https:\/\/www.bates.edu\/afroalgorhythms2026\/wp-json\/wp\/v2\/pages\/2\/revisions"}],"predecessor-version":[{"id":251,"href":"https:\/\/www.bates.edu\/afroalgorhythms2026\/wp-json\/wp\/v2\/pages\/2\/revisions\/251"}],"wp:attachment":[{"href":"https:\/\/www.bates.edu\/afroalgorhythms2026\/wp-json\/wp\/v2\/media?parent=2"}],"curies":[{"name":"wp","href":"https:\/\/api.w.org\/{rel}","templated":true}]}}