{"id":1386,"date":"2020-01-21T15:15:30","date_gmt":"2020-01-21T20:15:30","guid":{"rendered":"https:\/\/www.bates.edu\/english\/?page_id=1386"},"modified":"2022-08-10T14:03:54","modified_gmt":"2022-08-10T18:03:54","slug":"jessica-anthony","status":"publish","type":"page","link":"https:\/\/www.bates.edu\/english\/jessica-anthony\/","title":{"rendered":"Jessica Anthony"},"content":{"rendered":"<div class=\"faculty-profile js-shortcode-faculty-profile\">\n\t\t\t\t\n\t\t\t\t<div class=\"profile-left-col profile-col\">\n\t\t\t\t\t<section class=\"profile-business-card\">\n\t\t\t\t\t\n\t\t\t\t\t\t<div class=\"profile-image-col\">\n\t\t\t\t\t\t\t<img decoding=\"async\" alt=\"Photo of Jessica L. Anthony\" src=\"https:\/\/www.bates.edu\/faculty\/wp-content\/blogs.dir\/263\/files\/2015\/08\/51029311-400x266.webp\" class=\"profile-image wp-image-7413\" \/>\n\t\t\t\t\t\t<\/div>\n\t\t\t\t\t\n\t\t\t\t\t\t<div class=\"profile-buscard-text\">\n\t\t\t\t\t\t\t<h1 class=\"page-title profile-name\" style=\"\">Jessica L. Anthony<\/h1>\n\t\t\t\t\t\t\t<h4 class=\"profile-title\">Senior Lecturer in English<\/h4>\n\t\t\t\t\t\t\t<div class=\"department-meta departmental-associations\"><span class=\"profile-department\">\n\t\t\t\t\t\t\tEnglish \n\t\t\t\t\t\t\t<\/span><p class=\"profile-location\"><a href=\"https:\/\/www.bates.edu\/Shibboleth.sso\/Login?target=https%3A%2F%2Fwww.bates.edu%2Fdirectory%2F%3Flookup%3Djanthony\">View office locations in Directory<\/a><\/p><\/div>\n\t\t\t\t\t\t<\/div>\n\t\t\t\t\t<\/section>\n\t\t\t\t\n\t\t\t\t\t<section class=\"profile-contact\" style=\"\">\n\t\t\t\t\t\t<a href=\"tel:2077866314\" class=\"profile-phone profile-contact-link\">207-786-6314<\/a>\n\t\t\t\t\t\t<a href=\"mailto:janthony@bates.edu\" class=\"profile-email profile-contact-link\">janthony@bates.edu<\/a>\n\t\t\t\t\t<\/section>\n\t\t\t\t\n\t\t\t\t\t<section class=\"profile-about\" style=\"\">\n\t\t\t\t\t<h3>About<\/h3>\n\t\t\t\t\t<div>\n<p>Jessica Anthony is the author of four books of fiction, including the novel<span class=\"apple-converted-space\">\u00a0<\/span><em data-start=\"154\" data-end=\"164\">The Most<\/em>, which was longlisted for the National Book Award and was a finalist for the Prix Fitzgerald and the Clark Fiction Prize. Her novel<span class=\"apple-converted-space\">\u00a0<\/span><em data-start=\"297\" data-end=\"317\">Enter the Aardvark<\/em><span class=\"apple-converted-space\">\u00a0<\/span>was a finalist for the New England Book Award, and her novel<span class=\"apple-converted-space\">\u00a0<\/span><em data-start=\"379\" data-end=\"397\">The Convalescent<\/em><span class=\"apple-converted-space\">\u00a0<\/span>won the inaugural Amanda Davis Highwire Fiction Award from McSweeney\u2019s. Her short stories have appeared in <em>Best American Nonrequired Reading<\/em>,<em> Best New American Voices<\/em>, <em>McSweeney&#8217;s<\/em>,<em> The Idaho Review,<\/em> and elsewhere.<\/p>\n<p>Anthony is a 2026 Guggenheim Fellow and has received the Creative Capital Award for Literature. Other fellowships include support from the Maine Arts Commission, MacDowell, Ucross, and the Bogliasco Foundation. In 2017, Anthony spent three months serving as the 41st Bridge Guard, guarding the M\u00e1ria Val\u00e9ria Bridge between \u0160t\u00farovo, Slovakia, and Esztergom, Hungary, and she has been a Fellow in Residence at the Fred W. Smith National Library for the Study of George Washington.<\/p>\n<p>Her books have been translated into ten languages and have been featured in<span class=\"apple-converted-space\">\u00a0<\/span><em data-start=\"1057\" data-end=\"1063\">Time<\/em>,<span class=\"apple-converted-space\">\u00a0<\/span><em data-start=\"1065\" data-end=\"1075\">Newsweek<\/em>, NPR,<span class=\"apple-converted-space\">\u00a0<\/span><em data-start=\"1082\" data-end=\"1103\">The Washington Post<\/em>, and<span class=\"apple-converted-space\">\u00a0<\/span><em data-start=\"1109\" data-end=\"1129\">The New York Times<\/em><span class=\"apple-converted-space\">\u00a0<\/span>as an Editor\u2019s Choice, as well as internationally in<span class=\"apple-converted-space\">\u00a0<\/span><em data-start=\"1185\" data-end=\"1195\">Le Monde<\/em>,<span class=\"apple-converted-space\">\u00a0<\/span><em data-start=\"1197\" data-end=\"1210\">Der Spiegel<\/em>,<span class=\"apple-converted-space\">\u00a0<\/span><em data-start=\"1212\" data-end=\"1221\">El Pa\u00eds<\/em>, and<span class=\"apple-converted-space\">\u00a0<\/span><em data-start=\"1227\" data-end=\"1241\">Il Manifesto<\/em>.<\/p>\n<\/div>\n\n\t\t\t\t\t<\/section>\n\t\t\t\t\n\t\t\t\t<\/div>\n\t\t\t\t\n\t\t\t\t<div class=\"profile-right-col profile-col\">\n\t\t\t\t\t\n\t\t\t\t\t\n\t\t\t\t\t<section class=\"profile-course-listing\" style=\"\">\n\t\t\t\t\t<h3>Current Courses<\/h3><h4>Fall Semester 2026<\/h4><div class='profile-course'>\n\t\t\t\t\t\t\t\t<p class='course-title'>\n\t\t\t\t\t\t\t\t\t<b>Postmodern Short Stories<\/b>\n\t\t\t\t\t\t\t\t<\/p>\n\t\t\t\t\t\t\t\t<p class='course-meta'>\n\t\t\t\t\t\t\t\t\tENG 121B\n\t\t\t\t\t\t\t\t<\/p>\n\t\t\t\t\t\t\t\t\n\t\t\t\t\t\t\t\t<p class='course-description'>Focusing on short stories published from 1945-2015, this discussion-based course examines the international phenomenon of postmodern short fiction both as a natural sequence of modernism, and an expression of a new kind of post-WWII cynicism.  Students are introduced to central aspects of postmodern&hellip;<\/p>\n\t\t\t\t\t\t\t<\/div><div class='profile-course'>\n\t\t\t\t\t\t\t\t<p class='course-title'>\n\t\t\t\t\t\t\t\t\t<b>Advanced Fiction Writing<\/b>\n\t\t\t\t\t\t\t\t<\/p>\n\t\t\t\t\t\t\t\t<p class='course-meta'>\n\t\t\t\t\t\t\t\t\tENG 391\n\t\t\t\t\t\t\t\t<\/p>\n\t\t\t\t\t\t\t\t\n\t\t\t\t\t\t\t\t<p class='course-description'>Prerequisite(s): English 291.<\/p>\n\t\t\t\t\t\t\t<\/div><div class='profile-course'>\n\t\t\t\t\t\t\t\t<p class='course-title'>\n\t\t\t\t\t\t\t\t\t<b>Advanced Topics in Creative Nonfiction<\/b>\n\t\t\t\t\t\t\t\t<\/p>\n\t\t\t\t\t\t\t\t<p class='course-meta'>\n\t\t\t\t\t\t\t\t\tENG 393\n\t\t\t\t\t\t\t\t<\/p>\n\t\t\t\t\t\t\t\t\n\t\t\t\t\t\t\t\t<p class='course-description'>In this advanced workshop, students build upon previous coursework in the genre by reading, analyzing, and discussing a range of creative nonfiction topics, and developing individual literary projects in nonfiction. The prerequisite is waived for Seniors. Students should contact the course instructo&hellip;<\/p>\n\t\t\t\t\t\t\t<\/div><div class='profile-course'>\n\t\t\t\t\t\t\t\t<p class='course-title'>\n\t\t\t\t\t\t\t\t\t<b>Senior Thesis<\/b>\n\t\t\t\t\t\t\t\t<\/p>\n\t\t\t\t\t\t\t\t<p class='course-meta'>\n\t\t\t\t\t\t\t\t\tENG 457\n\t\t\t\t\t\t\t\t<\/p>\n\t\t\t\t\t\t\t\t\n\t\t\t\t\t\t\t\t<p class='course-description'>Students register for ENG 457 in the fall semester. Majors writing an honors thesis register for both ENG 457 and 458.<\/p>\n\t\t\t\t\t\t\t<\/div><\/section>\n\t\t\t\t\t<p>\n\t\t\t\t\t<a class=\"faculty-profiles-login-link\" href=\"https:\/\/www.bates.edu\/faculty\/wp-admin\/post.php?post_type=faculty-profile&#038;post=246&#038;action=edit\">Faculty Login<\/a>\n\t\t\t\t<\/p>\n\t\t\t\t<\/div>\n\t\t\t\n\t\t\t\t\n\t\t\t\t<aside class=\"associated-stories\">\n\t\t\t\t\t<h3>Bates articles about Jessica L. Anthony<\/h3>\n\t\t\t\t\t<div class=\"associated-story\">\n\t\t\t\t\t\t<h4>\n\t\t\t\t\t\t\t<a href=\"https:\/\/www.bates.edu\/news\/2026\/04\/30\/two-english-faculty-awarded-guggenheim-fellowship\/\">\n\t\t\t\t\t\t\t\tTwo English faculty awarded Guggenheim Fellowships\n\t\t\t\t\t\t\t<\/a>\n\t\t\t\t\t\t<\/h4>\n\t\t\t\t\t\t<p class=\"_date\">\n\t\t\t\t\t\t\tPosted <b>Apr 30, 2026<\/b>\n\t\t\t\t\t\t\tin <b>News<\/b>\n\t\t\t\t\t\t<\/p>\n\t\t\t\t\t\t<div class=\"_excerpt\">\n\t\t\t\t\t\t\t<p>Two Bates faculty members, both in the Department of English, have been&hellip;<\/p>\n\n\t\t\t\t\t\t<\/div>\n\t\t\t\t\t<\/div><div class=\"associated-story\">\n\t\t\t\t\t\t<h4>\n\t\t\t\t\t\t\t<a href=\"https:\/\/www.bates.edu\/news\/2025\/05\/13\/bates-announces-faculty-promotions-including-tenure-awards-for-2025\/\">\n\t\t\t\t\t\t\t\tBates announces faculty promotions, including tenure awards, for 2025\n\t\t\t\t\t\t\t<\/a>\n\t\t\t\t\t\t<\/h4>\n\t\t\t\t\t\t<p class=\"_date\">\n\t\t\t\t\t\t\tPosted <b>May 13, 2025<\/b>\n\t\t\t\t\t\t\tin <b>News<\/b>\n\t\t\t\t\t\t<\/p>\n\t\t\t\t\t\t<div class=\"_excerpt\">\n\t\t\t\t\t\t\t<p>&#8220;Each of these faculty members advances the mission of Bates with great distinction,&#8221; said Malcolm Hill, vice president for academic affairs and dean of the faculty. <\/p>\n\n\t\t\t\t\t\t<\/div>\n\t\t\t\t\t<\/div><\/aside>\n\t\t\n\t\t\t<\/div><!--faculty-profile-->","protected":false},"excerpt":{"rendered":"","protected":false},"author":5,"featured_media":0,"parent":0,"menu_order":0,"comment_status":"closed","ping_status":"closed","template":"","meta":{"_hide_ai_chatbot":false,"_ai_chatbot_style":"","associated_faculty":[],"_Page_Specific_Css":"","_bates_restrict_mod":false,"_batesModPostContentOverride_prepend":false,"_batesModPostContentOverride_append":false,"_batesModPostContentOverride_append_before_footer":false,"_table_of_contents_display":false,"_table_of_contents_location":"","_table_of_contents_disableSticky":false,"_is_featured":false,"footnotes":"","_bates_seo_meta_description":"","_bates_seo_block_robots":false,"_bates_seo_sharing_image_id":0,"_bates_seo_sharing_image_twitter_id":0,"_bates_seo_share_title":"","_bates_seo_canonical_overwrite":"","_bates_seo_twitter_template":""},"class_list":["post-1386","page","type-page","status-publish","hentry"],"_links":{"self":[{"href":"https:\/\/www.bates.edu\/english\/wp-json\/wp\/v2\/pages\/1386","targetHints":{"allow":["GET"]}}],"collection":[{"href":"https:\/\/www.bates.edu\/english\/wp-json\/wp\/v2\/pages"}],"about":[{"href":"https:\/\/www.bates.edu\/english\/wp-json\/wp\/v2\/types\/page"}],"author":[{"embeddable":true,"href":"https:\/\/www.bates.edu\/english\/wp-json\/wp\/v2\/users\/5"}],"replies":[{"embeddable":true,"href":"https:\/\/www.bates.edu\/english\/wp-json\/wp\/v2\/comments?post=1386"}],"version-history":[{"count":1,"href":"https:\/\/www.bates.edu\/english\/wp-json\/wp\/v2\/pages\/1386\/revisions"}],"predecessor-version":[{"id":1387,"href":"https:\/\/www.bates.edu\/english\/wp-json\/wp\/v2\/pages\/1386\/revisions\/1387"}],"wp:attachment":[{"href":"https:\/\/www.bates.edu\/english\/wp-json\/wp\/v2\/media?parent=1386"}],"curies":[{"name":"wp","href":"https:\/\/api.w.org\/{rel}","templated":true}]}}