{"id":2006,"date":"2025-10-28T10:35:36","date_gmt":"2025-10-28T14:35:36","guid":{"rendered":"https:\/\/www.bates.edu\/french-francophone-studies\/?page_id=2006"},"modified":"2025-10-30T11:55:32","modified_gmt":"2025-10-30T15:55:32","slug":"ffs-major-spotlight","status":"publish","type":"page","link":"https:\/\/www.bates.edu\/french-francophone-studies\/ffs-major-spotlight\/","title":{"rendered":"FFS Majors Spotlight"},"content":{"rendered":"\n<div class=\"wp-block-columns is-layout-flex wp-container-core-columns-is-layout-9d6595d7 wp-block-columns-is-layout-flex\">\n<div class=\"wp-block-column is-layout-flow wp-block-column-is-layout-flow\" style=\"flex-basis:33.33%\">\n<figure class=\"wp-block-image size-full\"><a href=\"https:\/\/www.bates.edu\/french-francophone-studies\/files\/2025\/10\/Verina-portrait.webp\"><img loading=\"lazy\" decoding=\"async\" width=\"967\" height=\"1134\" src=\"https:\/\/www.bates.edu\/french-francophone-studies\/files\/2025\/10\/Verina-portrait.webp\" alt=\"\" class=\"wp-image-2024\" srcset=\"https:\/\/www.bates.edu\/french-francophone-studies\/files\/2025\/10\/Verina-portrait.webp 967w, https:\/\/www.bates.edu\/french-francophone-studies\/files\/2025\/10\/Verina-portrait-256x300.webp 256w, https:\/\/www.bates.edu\/french-francophone-studies\/files\/2025\/10\/Verina-portrait-767x900.webp 767w, https:\/\/www.bates.edu\/french-francophone-studies\/files\/2025\/10\/Verina-portrait-768x901.webp 768w, https:\/\/www.bates.edu\/french-francophone-studies\/files\/2025\/10\/Verina-portrait-536x628.jpg 536w\" sizes=\"(max-width: 967px) 100vw, 967px\" \/><\/a><\/figure>\n<\/div>\n\n\n\n<div class=\"wp-block-column is-vertically-aligned-top is-layout-flow wp-block-column-is-layout-flow\" style=\"flex-basis:66.66%\">\n<h2 class=\"wp-block-heading\"><strong>Name: <\/strong>Verina Tinashe Chatata-Rao<\/h2>\n\n\n\n<p><strong>Class:<\/strong> 2026<\/p>\n\n\n\n<p><strong>Where is home for you?&nbsp;<\/strong>Malawi<\/p>\n\n\n\n<p><strong>What would you wish your first word in French would have been?<\/strong> Vas-y!<\/p>\n\n\n\n<p><strong>What are your academic interests?&nbsp;<\/strong>Neuroscience and French &amp; Francophone Studies&nbsp;<\/p>\n\n\n\n<p><strong>What links do you have with the French and Francophone Studies department?<\/strong> I am a French Writing Tutor at the Student Writing and Language Centre, and a Teaching Assistant for FRE205.&nbsp;<\/p>\n\n\n\n<p><strong>Who are your favorite Francophone artists?<\/strong> Micha, Aya Nakamura, Franglish<\/p>\n\n\n\n<p><strong>A Francophone movie you loved?<\/strong> <em>Avril et le Monde Truqu\u00e9<\/em> (April and the Extraordinary World) by Franck Ekinci et Christian Desmares&nbsp;<\/p>\n\n\n\n<p><strong>A book in French that others must read?<\/strong> <em>Le Ventre de l\u2019Atlantique<\/em> by Fatou Diome<\/p>\n\n\n\n<p><strong>A quote you often think of?<\/strong> \u201cYo bro, tu as \u20ac1000 en liquide l\u00e0?&nbsp;\u2014M\u00eame en poudre j\u2019ai pas, fr\u00e8re\u201d<\/p>\n\n\n\n<p><strong>Did you study abroad?<\/strong> Yes! I did one semester in Paris, France, and another semester in Maastricht, the Netherlands.<\/p>\n\n\n\n<p><strong>What do you miss from your experience abroad?<\/strong> I really miss all the yummy food, the pastries, and having to speak, live, breathe French.<\/p>\n\n\n\n<p><strong>What is your favorite Francophone dish?<\/strong> I LOVE cassoulet. I also LOVE thieboudienne, which is a Senegalese dish.<\/p>\n\n\n\n<p><strong>Among all the great courses you took in FFS, which one would you recommend?<\/strong> \u201cBorders and Disorders\u201d!! As an international student, I resonated with a lot of the topics and readings, it\u2019s also just a good way to know about what a francophone identity can mean. Also \u201cOral French 205,\u201d because you have so much fun, and I made lifelong friends in that class.<\/p>\n\n\n\n<p><strong>Your favorite French expression?<\/strong> Bahhh du coup pffft.<\/p>\n\n\n\n<p><strong>What is your dream job after Bates?<\/strong> I would like to have a small caf\u00e9 in C\u00f4te d\u2019Azur while also doing neuroscience research in my free time.<\/p>\n<\/div>\n<\/div>\n\n\n\n<div class=\"wp-block-columns is-layout-flex wp-container-core-columns-is-layout-9d6595d7 wp-block-columns-is-layout-flex\">\n<div class=\"wp-block-column is-layout-flow wp-block-column-is-layout-flow\" style=\"flex-basis:33.33%\">\n<figure class=\"wp-block-image size-full\"><a href=\"https:\/\/www.bates.edu\/french-francophone-studies\/files\/2025\/10\/Jackie-copy.webp\"><img loading=\"lazy\" decoding=\"async\" width=\"618\" height=\"617\" src=\"https:\/\/www.bates.edu\/french-francophone-studies\/files\/2025\/10\/Jackie-copy.webp\" alt=\"\" class=\"wp-image-2017\" srcset=\"https:\/\/www.bates.edu\/french-francophone-studies\/files\/2025\/10\/Jackie-copy.webp 618w, https:\/\/www.bates.edu\/french-francophone-studies\/files\/2025\/10\/Jackie-copy-300x300.webp 300w, https:\/\/www.bates.edu\/french-francophone-studies\/files\/2025\/10\/Jackie-copy-150x150.webp 150w\" sizes=\"(max-width: 618px) 100vw, 618px\" \/><\/a><\/figure>\n<\/div>\n\n\n\n<div class=\"wp-block-column is-vertically-aligned-top is-layout-flow wp-block-column-is-layout-flow\" style=\"flex-basis:66.66%\">\n<h2 class=\"wp-block-heading\"><strong>Name<\/strong>: Jackie Coraci<\/h2>\n\n\n\n<p><strong>Class<\/strong>: 2026<\/p>\n\n\n\n<p><strong>Where is home for you?<\/strong>&nbsp;Formerly Hoboken, New Jersey, now New York City.<\/p>\n\n\n\n<p><strong>What would you wish your first word in French would have been?<\/strong> Brouillard&nbsp;<\/p>\n\n\n\n<p><strong>What are your academic interests?&nbsp;<\/strong>I have always loved grammar and writing, and my interest in French started at a young age. I\u2019m an education minor currently completing my student teaching, so I do a lot of thinking about how different types of people learn. In the FFS and education departments, I have been able to explore interesting concepts in history, and if I had another year at Bates I would love to take a history course.<\/p>\n\n\n\n<p><strong>What links do you have with the French and Francophone Studies department?<\/strong> I am a French and Francophone Studies major and a TA for French 101.&nbsp;<\/p>\n\n\n\n<p><strong>Who are your favorite Francophone artists?<\/strong> I like Jacqueline Ta\u00efeb\u2019s music, and we have the same name.&nbsp;<\/p>\n\n\n\n<p><strong>A Francophone movie you loved?<\/strong> <em>8 Femmes<\/em> by Fran\u00e7ois Ozon and <em>La Belle Saison <\/em>by Catherine Corsini.<\/p>\n\n\n\n<p><strong>A book in French others must read?<\/strong> <em>Le Baobab Fou<\/em> by Ken Bugul, which I really enjoyed.<\/p>\n\n\n\n<p><strong>A quote you often think of?<\/strong> \u201cSi six saucissons sont six sous, ces six saucissons sont pas chers\u201d&nbsp;<\/p>\n\n\n\n<p><strong>Did you study abroad?<\/strong> Yes! Fall 2024 in Paris, France and Spring 2025 in Dakar, Senegal with a 6-week internship in Sokone, Senegal.<\/p>\n\n\n\n<p><strong>What do you miss from your experience abroad?<\/strong> My Senegalese host family.&nbsp;<\/p>\n\n\n\n<p><strong>What is your favorite Francophone dish?<\/strong> The Senegalese dish, yassa guinar. I still dream about it sometimes.&nbsp;<\/p>\n\n\n\n<p><strong>Among all the great courses you took in FFS, which one would you recommend?<\/strong> Everybody should take \u201cOral French 205\u201d ! It is so much fun, and really essential to helping you speak more fluently.&nbsp;<\/p>\n\n\n\n<p><strong>Your favorite French expression?<\/strong> Pas mal.<\/p>\n\n\n\n<p><strong>What is your dream job after Bates?<\/strong> EFL teacher in a Francophone country!<\/p>\n<\/div>\n<\/div>\n\n\n\n<div class=\"wp-block-columns is-layout-flex wp-container-core-columns-is-layout-9d6595d7 wp-block-columns-is-layout-flex\">\n<div class=\"wp-block-column is-layout-flow wp-block-column-is-layout-flow\" style=\"flex-basis:33.33%\">\n<figure class=\"wp-block-image size-full\"><a href=\"https:\/\/www.bates.edu\/french-francophone-studies\/files\/2025\/10\/Quinn.webp\"><img loading=\"lazy\" decoding=\"async\" width=\"1103\" height=\"868\" src=\"https:\/\/www.bates.edu\/french-francophone-studies\/files\/2025\/10\/Quinn.webp\" alt=\"\" class=\"wp-image-2021\" srcset=\"https:\/\/www.bates.edu\/french-francophone-studies\/files\/2025\/10\/Quinn.webp 1103w, https:\/\/www.bates.edu\/french-francophone-studies\/files\/2025\/10\/Quinn-381x300.webp 381w, https:\/\/www.bates.edu\/french-francophone-studies\/files\/2025\/10\/Quinn-900x708.webp 900w, https:\/\/www.bates.edu\/french-francophone-studies\/files\/2025\/10\/Quinn-768x604.webp 768w, https:\/\/www.bates.edu\/french-francophone-studies\/files\/2025\/10\/Quinn-798x628.jpg 798w\" sizes=\"(max-width: 1103px) 100vw, 1103px\" \/><\/a><\/figure>\n<\/div>\n\n\n\n<div class=\"wp-block-column is-layout-flow wp-block-column-is-layout-flow\" style=\"flex-basis:66.66%\">\n<h2 class=\"wp-block-heading\"><strong>Name<\/strong>: Quinn Hughes<\/h2>\n\n\n\n<p><strong>Class<\/strong>: 2026<\/p>\n\n\n\n<p><strong>Where is home for you?<\/strong> Villanova, Pennsylvania<\/p>\n\n\n\n<p><strong>What would you wish your first word in French would have been?<\/strong> Loup-garou- it\u2019s so fun to say.<\/p>\n\n\n\n<p><strong>What are your academic interests?<\/strong> I am a major in French &amp; Francophone Studies and Biology with a concentration in Philosophy &amp; Psychology. I am very interested in the intersections of biology and psychology, leaning more into the psychology side of things.<\/p>\n\n\n\n<p><strong>What links do you have with the French and Francophone Studies department?<\/strong> I am a major, I work closely with all the professors as Co-President of Le Club Francophone to plan inclusive and interesting events, I am a teaching assistant for Elementary French I, I was a writing course attached tutor for Professor Rice-DeFosse\u2019s FYS: \u201cThrough the Eyes of Children.\u201d<\/p>\n\n\n\n<p><strong>Who are your favorite Francophone artists?<\/strong> Indila (French singer), Agn\u00e8s Varda (French director\/filmmaker), Amadou et Mariam (Senegalese musicians, one of my favorite collaborative songs is \u201cSenegal Fast Food\u201d with Manu Chao)<\/p>\n\n\n\n<p><strong>A Francophone movie you loved?<\/strong> <em>Les 400 Coups<\/em> by Fran\u00e7ois Truffaut<\/p>\n\n\n\n<p><strong>A book in French others must read?<\/strong> <em>Le Fant\u00f4me de l&#8217;Op\u00e9ra<\/em> by Gaston Leroux. I actually would like to read this, I have not yet, but it is a goal of mine. I enjoy the musical and am familiar with the original story, so this is my next project!<\/p>\n\n\n\n<p><strong>A quote you often think of?<\/strong> \u201cC\u2019est pas si facile de tourner la page\u201d lyrics by Zaho, from her song <em>Tourner la Page<\/em>.<\/p>\n\n\n\n<p><strong>Did you study abroad?<\/strong> Yes, I studied abroad for a summer (six weeks) in Arles, France.<\/p>\n\n\n\n<p><strong>What do you miss from your experience abroad?<\/strong> I do miss my experience, but I am still in touch with my host family and hope to visit them again after graduation.<\/p>\n\n\n\n<p><strong>What is your favorite Francophone dish?<\/strong> Les moules frites- mussels and fries. I had these in Arles when I was studying abroad, they were running a deal at a little restaurant, absolutely incredible!<\/p>\n\n\n\n<p><strong>Among all the great courses you took in FFS, which one would you recommend?<\/strong> I think the course that made me want to not only minor but fully commit to the major was \u201cGender, Race, and Social Class in French and Francophone Film.\u201d I am a self-proclaimed film buff so it was great to consume these films, but I also found it to be a lens in which I could explore the Francophone world.<\/p>\n\n\n\n<p><strong>Your favorite French expression? <\/strong>\u201cCe n\u2019est pas grave\u201d&#8230; \u201cIt\u2019s alright\/it\u2019s not serious.\u201d I used this a lot when I was abroad, it sort of turned into a joke\/endearing phrase with my friends abroad.<\/p>\n\n\n\n<p><strong>What is your dream job after Bates?<\/strong> While I do not have a specific job in mind, I know I want to work with and advocate for kids, particularly supporting their academic and social development through accessible extracurricular activities and continued peer support.<\/p>\n<\/div>\n<\/div>\n\n\n\n<div class=\"wp-block-columns is-layout-flex wp-container-core-columns-is-layout-9d6595d7 wp-block-columns-is-layout-flex\">\n<div class=\"wp-block-column is-layout-flow wp-block-column-is-layout-flow\" style=\"flex-basis:33.33%\">\n<figure class=\"wp-block-image size-full\"><a href=\"https:\/\/www.bates.edu\/french-francophone-studies\/files\/2025\/10\/McKayla.webp\"><img loading=\"lazy\" decoding=\"async\" width=\"357\" height=\"401\" src=\"https:\/\/www.bates.edu\/french-francophone-studies\/files\/2025\/10\/McKayla.webp\" alt=\"\" class=\"wp-image-2018\" srcset=\"https:\/\/www.bates.edu\/french-francophone-studies\/files\/2025\/10\/McKayla.webp 357w, https:\/\/www.bates.edu\/french-francophone-studies\/files\/2025\/10\/McKayla-267x300.webp 267w\" sizes=\"(max-width: 357px) 100vw, 357px\" \/><\/a><\/figure>\n<\/div>\n\n\n\n<div class=\"wp-block-column is-vertically-aligned-top is-layout-flow wp-block-column-is-layout-flow\" style=\"flex-basis:66.66%\">\n<h2 class=\"wp-block-heading\"><strong>Name<\/strong>: McKayla Kendall<\/h2>\n\n\n\n<p><strong>Class<\/strong>: Senior<\/p>\n\n\n\n<p><strong>Where is home for you? <\/strong>Bangor, Maine<\/p>\n\n\n\n<p><strong>What would you wish your first word in French would have been?<\/strong> Papillon<\/p>\n\n\n\n<p><strong>What are your academic interests?<\/strong> I\u2019m both a Biochemistry and French major with a Public Health GEC. I\u2019ve loved studying the intersections of these different disciplines, and I hope to be able to use my knowledge of French and the Francophone world as I pursue a career in medicine.<\/p>\n\n\n\n<p><strong>What links do you have with the French and Francophone Studies department?<\/strong> I\u2019m a French major!<\/p>\n\n\n\n<p><strong>Who are your favorite Francophone artists?<\/strong> I\u2019m a big fan of Ang\u00e8le.<\/p>\n\n\n\n<p><strong>A Francophone movie you loved?<\/strong> I enjoyed Les Intouchables by Olivier Nakache &amp; Eric Toledano<\/p>\n\n\n\n<p><strong>A book in French others must read? <\/strong>I think Mernissi\u2019s Dreams of Trespass: Tales of a Harem Girlhood is a must-read.<\/p>\n\n\n\n<p><strong>A quote you often think of?<\/strong> &#8220;On ne voit bien qu&#8217;avec le c\u0153ur. L&#8217;essentiel est invisible pour les yeux&#8221; by Antoine de Saint-Exup\u00e9ry<\/p>\n\n\n\n<p><strong>Did you study abroad?<\/strong> Yes! I studied abroad Fall \u201824 in Senegal.<\/p>\n\n\n\n<p><strong>What do you miss from your experience abroad? <\/strong>I miss my host family and all of the kids that I got to work with during my internship.<\/p>\n\n\n\n<p><strong>What is your favorite Francophone dish?<\/strong> Sticking with the abroad experience, the yassa poulet in Senegal was amazing.<\/p>\n\n\n\n<p><strong>Among all the great courses you took in FFS, which one would you recommend?<\/strong> \u201cOral French: 205\u201d of course but I also really enjoyed \u201cMaghreb: Vue de l\u2019Enfance.\u201d<\/p>\n\n\n\n<p><strong>Your favorite French expression?<\/strong> L\u00e2che pas la patate!<\/p>\n\n\n\n<p><strong>What is your dream job after Bates? <\/strong>I\u2019m going to be entering the medical field and hope to be able to work both in the US and in Francophone countries.<\/p>\n<\/div>\n<\/div>\n\n\n\n<div class=\"wp-block-columns is-layout-flex wp-container-core-columns-is-layout-9d6595d7 wp-block-columns-is-layout-flex\">\n<div class=\"wp-block-column is-vertically-aligned-top is-layout-flow wp-block-column-is-layout-flow\" style=\"flex-basis:33.33%\">\n<figure class=\"wp-block-image size-large\"><a href=\"https:\/\/www.bates.edu\/french-francophone-studies\/files\/2025\/10\/Trinity.webp\"><img loading=\"lazy\" decoding=\"async\" width=\"900\" height=\"666\" src=\"https:\/\/www.bates.edu\/french-francophone-studies\/files\/2025\/10\/Trinity-900x666.webp\" alt=\"\" class=\"wp-image-2022\" srcset=\"https:\/\/www.bates.edu\/french-francophone-studies\/files\/2025\/10\/Trinity-900x666.webp 900w, https:\/\/www.bates.edu\/french-francophone-studies\/files\/2025\/10\/Trinity-400x296.webp 400w, https:\/\/www.bates.edu\/french-francophone-studies\/files\/2025\/10\/Trinity-768x568.webp 768w, https:\/\/www.bates.edu\/french-francophone-studies\/files\/2025\/10\/Trinity-849x628.jpg 849w, https:\/\/www.bates.edu\/french-francophone-studies\/files\/2025\/10\/Trinity-1536x1137.webp 1536w, https:\/\/www.bates.edu\/french-francophone-studies\/files\/2025\/10\/Trinity.webp 1919w\" sizes=\"(max-width: 900px) 100vw, 900px\" \/><\/a><\/figure>\n<\/div>\n\n\n\n<div class=\"wp-block-column is-layout-flow wp-block-column-is-layout-flow\" style=\"flex-basis:66.66%\">\n<h2 class=\"wp-block-heading\"><strong>Name<\/strong>: Trinity Poon<\/h2>\n\n\n\n<p><strong>Class<\/strong>: 2026<\/p>\n\n\n\n<p><strong>Where is home for you?<br><\/strong>Sandwich, Massachusetts<\/p>\n\n\n\n<p><strong>What would you wish your first word in French would have been?<\/strong>Anticonstitutionnellement<\/p>\n\n\n\n<p><strong>What are your academic interests?<\/strong>18th-19th century literature (American, British, French), gender and sexuality studies,<\/p>\n\n\n\n<p><strong>What links do you have with the French and Francophone Studies department?<\/strong>My very first college class was FRE 205: Oral French with Prof. Read! I fell in love with the department and haven&#8217;t left since! The department has led me to so many great opportunities and people!<\/p>\n\n\n\n<p><strong>Who are your favorite Francophone artists?<\/strong>Aya Nakamura, Cam\u00e9lia Jordana<\/p>\n\n\n\n<p><strong>A Francophone movie you loved?<\/strong> Little Senegal by Rachid Bouchareb<\/p>\n\n\n\n<p><strong>A book in French others must read?<\/strong> Les Pr\u00e9cieuses ridicules by Moli\u00e8re<\/p>\n\n\n\n<p><strong>A quote you often think of? <\/strong>&#8220;Live the questions.&#8221; Rainer Maria Rilke<\/p>\n\n\n\n<p><strong>Did you study abroad?<\/strong> Yes! I studied abroad in Montpellier, France for the 2024-25 academic year.<\/p>\n\n\n\n<p><strong>What do you miss from your experience abroad?<\/strong> I miss the parks and the caf\u00e9s. Clich\u00e9, I know, but I loved setting up outside at a caf\u00e9 or in one of my favorite parks and reading, journaling, and people-watching. The convivial and relaxed atmosphere is so different there!<\/p>\n\n\n\n<p><strong>What is your favorite Francophone dish? <\/strong>My host dad would make Rougail saucisses&#8211; a sausage stew from la R\u00e9union.<\/p>\n\n\n\n<p><strong>Among all the great courses you took in FFS, which one would you recommend?<\/strong> I&#8217;m partial to \u201cOral French\u201d as the class that introduced me to the French department. You make such wonderful friends in that class and push yourself outside of your comfort zone&#8211; not to mention you have a great time. However, I&#8217;ve learned so much in each class I&#8217;ve taken with FFS that you can&#8217;t go wrong.<\/p>\n\n\n\n<p><strong>Your favorite French expression?<\/strong> C&#8217;est pas grave! Also a great reminder to not take anything too seriously.<\/p>\n\n\n\n<p><strong>What is your dream job after Bates?<\/strong> I&#8217;d love to work in public relations or journalism in some capacity. Either way, I&#8217;d love to keep writing and learning new things every day.<\/p>\n<\/div>\n<\/div>\n\n\n\n<div class=\"wp-block-columns is-layout-flex wp-container-core-columns-is-layout-9d6595d7 wp-block-columns-is-layout-flex\">\n<div class=\"wp-block-column is-layout-flow wp-block-column-is-layout-flow\" style=\"flex-basis:33.33%\">\n<figure class=\"wp-block-image size-full\"><a href=\"https:\/\/www.bates.edu\/french-francophone-studies\/files\/2025\/10\/Enathe-3.webp\"><img loading=\"lazy\" decoding=\"async\" width=\"844\" height=\"862\" src=\"https:\/\/www.bates.edu\/french-francophone-studies\/files\/2025\/10\/Enathe-3.webp\" alt=\"\" class=\"wp-image-2016\" srcset=\"https:\/\/www.bates.edu\/french-francophone-studies\/files\/2025\/10\/Enathe-3.webp 844w, https:\/\/www.bates.edu\/french-francophone-studies\/files\/2025\/10\/Enathe-3-294x300.webp 294w, https:\/\/www.bates.edu\/french-francophone-studies\/files\/2025\/10\/Enathe-3-768x784.webp 768w, https:\/\/www.bates.edu\/french-francophone-studies\/files\/2025\/10\/Enathe-3-615x628.jpg 615w\" sizes=\"(max-width: 844px) 100vw, 844px\" \/><\/a><\/figure>\n<\/div>\n\n\n\n<div class=\"wp-block-column is-layout-flow wp-block-column-is-layout-flow\" style=\"flex-basis:66.66%\">\n<h2 class=\"wp-block-heading\"><strong>Name:<\/strong> Enathe Muhawenimana<\/h2>\n\n\n\n<p><strong>Class:<\/strong> 2026<\/p>\n\n\n\n<p><strong>Where is home for you? <\/strong>&nbsp; Rusizi, Rwanda<\/p>\n\n\n\n<p><strong>What would you wish your first word in French would have been?<\/strong>&nbsp; Pouvoir&nbsp;<\/p>\n\n\n\n<p><strong>What are your academic interests?&nbsp;<\/strong>I am pursuing a double major in Biochemistry and French and Francophone Studies. I\u2019m passionate about using my knowledge to make a positive impact in the world. This connects closely with my French thesis, which explores the integration of Sub-Saharan African immigrants in Maine and how their culture is preserved across generations. I enjoy applying scientific understanding through a public health lens, and I appreciate how my French studies allow me to deepen and broaden that interest.<\/p>\n\n\n\n<p><strong>Who are your favorite Francophone artists?<\/strong> Dadju, Tayc, Amir, Jungeli, Slimane, Stromae&nbsp;<\/p>\n\n\n\n<p><strong>A Francophone movie you loved?<\/strong>&nbsp; <em>Le Fabuleux destin d\u2019Am\u00e9lie Poulain<\/em> de Jean-Pierre Jeunet<\/p>\n\n\n\n<p><strong>A book in French others must read?<\/strong> <em>Bel Ami<\/em> de Guy de Maupassant<\/p>\n\n\n\n<p><strong>A quote you often think of? &nbsp;<\/strong> &#8220;Pour r\u00e9aliser de grandes choses, il faut d&#8217;abord r\u00eaver.&#8221;<\/p>\n\n\n\n<p><strong>Did you study abroad? <\/strong>Yes, I did study abroad in Copenhagen, Denmark&nbsp;<\/p>\n\n\n\n<p><strong>What do you miss from your experience abroad? <\/strong>I miss the good public transportation system, clean subways, the warmth of people, good pastries and friends I made there.<\/p>\n\n\n\n<p><strong>What is your favorite Francophone dish?&nbsp;<\/strong> Tagine<\/p>\n\n\n\n<p><strong>Among all the great courses you took in FFS, which one would you recommend?<\/strong>&nbsp; I loved all my French courses but the one that really picked me up was \u201cMigrations Francophones\/French 102\u201d with Laura Balladur.<\/p>\n\n\n\n<p><strong>Your favorite French expression?<\/strong> Oh l\u00e0 l\u00e0!<\/p>\n\n\n\n<p><strong>What is your dream job after Bates?<\/strong> I want to work in a clinical research institution where I can apply my public health skills and passion in designing sustainable healthcare strategies to all.<\/p>\n<\/div>\n<\/div>\n\n\n\n<div class=\"wp-block-columns is-layout-flex wp-container-core-columns-is-layout-9d6595d7 wp-block-columns-is-layout-flex\">\n<div class=\"wp-block-column is-layout-flow wp-block-column-is-layout-flow\" style=\"flex-basis:33.33%\"><\/div>\n\n\n\n<div class=\"wp-block-column is-layout-flow wp-block-column-is-layout-flow\" style=\"flex-basis:66.66%\"><\/div>\n<\/div>\n\n\n\n<p><\/p>\n","protected":false},"excerpt":{"rendered":"<p>Name: Verina Tinashe Chatata-Rao Class: 2026 Where is home for you?&nbsp;Malawi What&hellip;<\/p>\n","protected":false},"author":1810,"featured_media":0,"parent":0,"menu_order":0,"comment_status":"closed","ping_status":"closed","template":"","meta":{"_hide_ai_chatbot":false,"_ai_chatbot_style":"","associated_faculty":[],"_Page_Specific_Css":"","_bates_restrict_mod":false,"_batesModPostContentOverride_prepend":false,"_batesModPostContentOverride_append":false,"_batesModPostContentOverride_append_before_footer":false,"_table_of_contents_display":false,"_table_of_contents_location":"","_table_of_contents_disableSticky":false,"_is_featured":false,"footnotes":"","_bates_seo_meta_description":"","_bates_seo_block_robots":false,"_bates_seo_sharing_image_id":0,"_bates_seo_sharing_image_twitter_id":0,"_bates_seo_share_title":"","_bates_seo_canonical_overwrite":"","_bates_seo_twitter_template":""},"class_list":["post-2006","page","type-page","status-publish","hentry"],"_links":{"self":[{"href":"https:\/\/www.bates.edu\/french-francophone-studies\/wp-json\/wp\/v2\/pages\/2006","targetHints":{"allow":["GET"]}}],"collection":[{"href":"https:\/\/www.bates.edu\/french-francophone-studies\/wp-json\/wp\/v2\/pages"}],"about":[{"href":"https:\/\/www.bates.edu\/french-francophone-studies\/wp-json\/wp\/v2\/types\/page"}],"author":[{"embeddable":true,"href":"https:\/\/www.bates.edu\/french-francophone-studies\/wp-json\/wp\/v2\/users\/1810"}],"replies":[{"embeddable":true,"href":"https:\/\/www.bates.edu\/french-francophone-studies\/wp-json\/wp\/v2\/comments?post=2006"}],"version-history":[{"count":7,"href":"https:\/\/www.bates.edu\/french-francophone-studies\/wp-json\/wp\/v2\/pages\/2006\/revisions"}],"predecessor-version":[{"id":2034,"href":"https:\/\/www.bates.edu\/french-francophone-studies\/wp-json\/wp\/v2\/pages\/2006\/revisions\/2034"}],"wp:attachment":[{"href":"https:\/\/www.bates.edu\/french-francophone-studies\/wp-json\/wp\/v2\/media?parent=2006"}],"curies":[{"name":"wp","href":"https:\/\/api.w.org\/{rel}","templated":true}]}}