{"id":444,"date":"2012-08-22T15:36:24","date_gmt":"2012-08-22T19:36:24","guid":{"rendered":"https:\/\/www.bates.edu\/french\/?page_id=444"},"modified":"2024-09-15T14:30:25","modified_gmt":"2024-09-15T18:30:25","slug":"literary-and-film-analysis","status":"publish","type":"page","link":"https:\/\/www.bates.edu\/french-francophone-studies\/literary-and-film-analysis\/","title":{"rendered":"Literary and Film Analysis"},"content":{"rendered":"<p><a href=\"https:\/\/www.bates.edu\/french-francophone-studies\/files\/2012\/08\/18_3-Berthe-Kayitesi.jpg\"><img loading=\"lazy\" decoding=\"async\" class=\"alignright wp-image-564\" title=\"18_3 Berthe Kayitesi\" src=\"https:\/\/www.bates.edu\/french-francophone-studies\/files\/2012\/08\/18_3-Berthe-Kayitesi-225x300.jpg\" alt=\"\" width=\"158\" height=\"210\" srcset=\"https:\/\/www.bates.edu\/french-francophone-studies\/files\/2012\/08\/18_3-Berthe-Kayitesi-225x300.jpg 225w, https:\/\/www.bates.edu\/french-francophone-studies\/files\/2012\/08\/18_3-Berthe-Kayitesi-375x500.jpg 375w, https:\/\/www.bates.edu\/french-francophone-studies\/files\/2012\/08\/18_3-Berthe-Kayitesi-295x393.jpg 295w\" sizes=\"(max-width: 158px) 100vw, 158px\" \/><\/a><\/p>\n<p style=\"text-align: center;\"><strong>Literature<\/strong><\/p>\n<ul>\n<li><a href=\"http:\/\/www.cla.purdue.edu\/English\/theory\/\">Introductory Guide to Critical Theory (English)<\/a><\/li>\n<li><a href=\"http:\/\/www.site-magister.com\/\">Magister: tous les concepts d\u2019analyse litt\u00e9raire avec des exemples d\u2019application<\/a><\/li>\n<\/ul>\n<p style=\"text-align: center;\"><strong>Film et Image<\/strong><\/p>\n<ul>\n<li><a href=\"http:\/\/www.centreimages.fr\/vocabulaire\/\">Initiation au vocabulaire de l\u2019analyse filmique (Laurence Moinereau)<\/a><\/li>\n<li><a href=\"https:\/\/www.cinematheque.fr\/\" target=\"_blank\" rel=\"noopener noreferrer\">La Cin\u00e9math\u00e8que. Portal to many resources on films, shorts<\/a><\/li>\n<li><a href=\"http:\/\/www.histoire-image.org\/\">L\u2019Histoire par l\u2019image (R\u00e9union des Mus\u00e9es Nationaux) (2231 \u0153uvres, 1176 \u00e9tudes &amp; 119 animations)<\/a><\/li>\n<li><a href=\"http:\/\/www.ina.fr\/\">Institut National de l\u2019Audiovisuel<\/a><\/li>\n<li><a href=\"https:\/\/filmanalysis.yale.edu\/\">Yale Film Analysis Guide (en anglais)<\/a><\/li>\n<\/ul>\n\n\n<p><\/p>\n","protected":false},"excerpt":{"rendered":"<p>Literature Introductory Guide to Critical Theory (English) Magister: tous les concepts d\u2019analyse&hellip;<\/p>\n","protected":false},"author":5,"featured_media":0,"parent":0,"menu_order":22,"comment_status":"closed","ping_status":"closed","template":"","meta":{"_hide_ai_chatbot":false,"_ai_chatbot_style":"","associated_faculty":[],"_Page_Specific_Css":"","_bates_restrict_mod":false,"_batesModPostContentOverride_prepend":false,"_batesModPostContentOverride_append":false,"_batesModPostContentOverride_append_before_footer":false,"_table_of_contents_display":false,"_table_of_contents_location":"","_table_of_contents_disableSticky":false,"_is_featured":false,"footnotes":"","_bates_seo_meta_description":"","_bates_seo_block_robots":false,"_bates_seo_sharing_image_id":0,"_bates_seo_sharing_image_twitter_id":0,"_bates_seo_share_title":"","_bates_seo_canonical_overwrite":"","_bates_seo_twitter_template":""},"class_list":["post-444","page","type-page","status-publish","hentry"],"_links":{"self":[{"href":"https:\/\/www.bates.edu\/french-francophone-studies\/wp-json\/wp\/v2\/pages\/444","targetHints":{"allow":["GET"]}}],"collection":[{"href":"https:\/\/www.bates.edu\/french-francophone-studies\/wp-json\/wp\/v2\/pages"}],"about":[{"href":"https:\/\/www.bates.edu\/french-francophone-studies\/wp-json\/wp\/v2\/types\/page"}],"author":[{"embeddable":true,"href":"https:\/\/www.bates.edu\/french-francophone-studies\/wp-json\/wp\/v2\/users\/5"}],"replies":[{"embeddable":true,"href":"https:\/\/www.bates.edu\/french-francophone-studies\/wp-json\/wp\/v2\/comments?post=444"}],"version-history":[{"count":7,"href":"https:\/\/www.bates.edu\/french-francophone-studies\/wp-json\/wp\/v2\/pages\/444\/revisions"}],"predecessor-version":[{"id":1920,"href":"https:\/\/www.bates.edu\/french-francophone-studies\/wp-json\/wp\/v2\/pages\/444\/revisions\/1920"}],"wp:attachment":[{"href":"https:\/\/www.bates.edu\/french-francophone-studies\/wp-json\/wp\/v2\/media?parent=444"}],"curies":[{"name":"wp","href":"https:\/\/api.w.org\/{rel}","templated":true}]}}