{"id":145,"date":"2024-05-08T10:57:06","date_gmt":"2024-05-08T14:57:06","guid":{"rendered":"https:\/\/www.bates.edu\/impact21st\/?page_id=145"},"modified":"2024-05-29T11:44:50","modified_gmt":"2024-05-29T15:44:50","slug":"beyond-midnight","status":"publish","type":"page","link":"https:\/\/www.bates.edu\/impact21st\/beyond-midnight\/","title":{"rendered":"Beyond Midnight"},"content":{"rendered":"\n<div style=\"height:40px\" aria-hidden=\"true\" class=\"wp-block-spacer\"><\/div>\n\n\n\n<figure class=\"wp-block-image size-large\"><img loading=\"lazy\" decoding=\"async\" width=\"900\" height=\"582\" src=\"https:\/\/www.bates.edu\/impact21st\/files\/2024\/05\/Beyond-Midnight-1-900x582.webp\" alt=\"\" class=\"wp-image-187\" srcset=\"https:\/\/www.bates.edu\/impact21st\/files\/2024\/05\/Beyond-Midnight-1-900x582.webp 900w, https:\/\/www.bates.edu\/impact21st\/files\/2024\/05\/Beyond-Midnight-1-400x259.webp 400w, https:\/\/www.bates.edu\/impact21st\/files\/2024\/05\/Beyond-Midnight-1-768x497.webp 768w, https:\/\/www.bates.edu\/impact21st\/files\/2024\/05\/Beyond-Midnight-1-970x628.jpg 970w, https:\/\/www.bates.edu\/impact21st\/files\/2024\/05\/Beyond-Midnight-1-1536x994.webp 1536w, https:\/\/www.bates.edu\/impact21st\/files\/2024\/05\/Beyond-Midnight-1-200x129.webp 200w, https:\/\/www.bates.edu\/impact21st\/files\/2024\/05\/Beyond-Midnight-1.webp 1919w\" sizes=\"(max-width: 900px) 100vw, 900px\" \/><\/figure>\n\n\n\n<div style=\"height:25px\" aria-hidden=\"true\" class=\"wp-block-spacer\"><\/div>\n\n\n\n<h2 class=\"wp-block-heading has-text-align-center\">December 2023 &#8211; January 2024<\/h2>\n\n\n\n<div style=\"height:25px\" aria-hidden=\"true\" class=\"wp-block-spacer\"><\/div>\n\n\n\n<p>A Multimedia Immersive Collaboration with Michel Droge, Carolina Gonz\u00e1lez Valencia, Tristan Koepke, and Asha Tamirisa<\/p>\n\n\n\n<p>In June of 2023, Michel Droge &#8211; Visiting Assistant Professor of Art and Visual Culture, was invited to join Co-chief Scientists Dr. Beth Orcutt of the Bigelow Laboratory for Ocean Sciences located in East Boothbay, Maine and Dr. Jorge Cort\u00e9s-N\u00fa\u00f1ez of the Universidad de Costa Rica and an international team of scientists and artists on a month-long expedition off the Pacific Coast of Costa Rica to explore the Earth\u2019s first-ever-discovered octopus nursery. The team\u2019s ultimate goal is to understand the specific hydrogeology, microbiology, ecology, and geochemistry that enables these octopus nurseries to thrive and characterize the life-supporting services provided by the ecosystems on these seamounts.<\/p>\n\n\n\n<p>The immersive multi-media exhibition Beyond Midnight shares the experience of the deep sea through collaborative video, sound, and &nbsp;movement. The deep sea is an animated, queer &nbsp;and wonderous place full of life that is rarely encountered by humans. In light of current demands for metals and minerals found abundantly on the sea floor and the impending risks of unregulated exploitation by mining, we want to share the vibrancy of the deep sea to raise awareness of the urgent need for the protection and conservation of these fertile, queer and vital ecosystems.<\/p>\n\n\n\n<p>The video and sound recordings were collected from the deep sea (from beyond the Midnight Zone to the Abyssal Plain at approximately 3000 meters by Schmidt Ocean Institute&amp;#39;s ROV Dive Team aboard the Falkor (too) in June of 2023. While aboard the same ship, Michel collected video and sound footage from the deck of the ship. During the next few months, Michel collaborated with Interdisciplinary Bates Professors: Carolina Gonzalez Valencia, who edited the video footage for this exhibition; Asha Tamirisa, who produced the soundtrack from sound recordings from the boat; and Tristan Koepke, who choreographed performances inspired by the footage and the descriptions of the experience. Thank you to The Bates Arts Collaborative, Impact 21st, Schmidt Ocean Institute, Bigelow Laboratory for Ocean Sciences, and The Bates Faculty Development Fund for your collaboration and support. Thank you to Alexis Pauline Gumbs for text excerpts from Undrowned: Black Feminist Lessons from Marine Mammals.<\/p>\n","protected":false},"excerpt":{"rendered":"<p>December 2023 &#8211; January 2024 A Multimedia Immersive Collaboration with Michel Droge,&hellip;<\/p>\n","protected":false},"author":1626,"featured_media":21,"parent":0,"menu_order":0,"comment_status":"closed","ping_status":"closed","template":"","meta":{"_hide_ai_chatbot":false,"_ai_chatbot_style":"","associated_faculty":[],"_Page_Specific_Css":"","_bates_restrict_mod":false,"_table_of_contents_display":false,"_table_of_contents_location":"","_table_of_contents_disableSticky":false,"_is_featured":false,"footnotes":"","_bates_seo_meta_description":"","_bates_seo_block_robots":false,"_bates_seo_sharing_image_id":0,"_bates_seo_sharing_image_twitter_id":0,"_bates_seo_share_title":"","_bates_seo_canonical_overwrite":"","_bates_seo_twitter_template":""},"class_list":["post-145","page","type-page","status-publish","has-post-thumbnail","hentry"],"_links":{"self":[{"href":"https:\/\/www.bates.edu\/impact21st\/wp-json\/wp\/v2\/pages\/145","targetHints":{"allow":["GET"]}}],"collection":[{"href":"https:\/\/www.bates.edu\/impact21st\/wp-json\/wp\/v2\/pages"}],"about":[{"href":"https:\/\/www.bates.edu\/impact21st\/wp-json\/wp\/v2\/types\/page"}],"author":[{"embeddable":true,"href":"https:\/\/www.bates.edu\/impact21st\/wp-json\/wp\/v2\/users\/1626"}],"replies":[{"embeddable":true,"href":"https:\/\/www.bates.edu\/impact21st\/wp-json\/wp\/v2\/comments?post=145"}],"version-history":[{"count":3,"href":"https:\/\/www.bates.edu\/impact21st\/wp-json\/wp\/v2\/pages\/145\/revisions"}],"predecessor-version":[{"id":307,"href":"https:\/\/www.bates.edu\/impact21st\/wp-json\/wp\/v2\/pages\/145\/revisions\/307"}],"wp:featuredmedia":[{"embeddable":true,"href":"https:\/\/www.bates.edu\/impact21st\/wp-json\/wp\/v2\/media\/21"}],"wp:attachment":[{"href":"https:\/\/www.bates.edu\/impact21st\/wp-json\/wp\/v2\/media?parent=145"}],"curies":[{"name":"wp","href":"https:\/\/api.w.org\/{rel}","templated":true}]}}