{"id":14014,"date":"2020-05-28T09:34:20","date_gmt":"2020-05-28T13:34:20","guid":{"rendered":"https:\/\/www.bates.edu\/museum\/?page_id=14014"},"modified":"2023-03-31T13:15:31","modified_gmt":"2023-03-31T17:15:31","slug":"gifts-of-art","status":"publish","type":"page","link":"https:\/\/www.bates.edu\/museum\/join-support\/gifts-of-art\/","title":{"rendered":"Gifts of Art"},"content":{"rendered":"\n<p>The museum strengthens the collection by adding art\/objects of noted artists connected to Maine, historic, modern, and contemporary art by artists from around the world, and objects from other cultures. Since most objects enter the collection as gifts, we greatly depend on the generosity of others. We thank you in advance for considering the museum as the location for gifts of your valued objects!&nbsp;<\/p>\n\n\n\n<div class=\"wp-block-image\"><figure class=\"aligncenter size-large is-resized\"><img loading=\"lazy\" decoding=\"async\" src=\"https:\/\/www.bates.edu\/museum\/files\/2020\/05\/IMG_6275-675x900.jpg\" alt=\"\" class=\"wp-image-14017\" width=\"506\" height=\"675\" srcset=\"https:\/\/www.bates.edu\/museum\/files\/2020\/05\/IMG_6275-675x900.jpg 675w, https:\/\/www.bates.edu\/museum\/files\/2020\/05\/IMG_6275-225x300.jpg 225w, https:\/\/www.bates.edu\/museum\/files\/2020\/05\/IMG_6275-768x1024.jpg 768w, https:\/\/www.bates.edu\/museum\/files\/2020\/05\/IMG_6275-1152x1536.jpg 1152w, https:\/\/www.bates.edu\/museum\/files\/2020\/05\/IMG_6275.jpg 1439w\" sizes=\"(max-width: 506px) 100vw, 506px\" \/><\/figure><\/div>\n\n\n\n<p>Below please find a Wish List of artists and movements of particular interest to the museum. This list may provide insight into what will strengthen the collection. Please contact the director to discuss possible donations at <a href=\"mailto:museum@bates.edu\">museum@bates.edu<\/a>.<\/p>\n\n\n\n<h5 class=\"wp-block-heading\">Artwork Wish List<\/h5>\n\n\n\n<h6 class=\"js-foldaway-sections foldaway-section-header\" id=\"\"><a href=\"#\"><span>+<\/span>Marsden Hartley<\/a><\/h6><div class=\"foldaway-section \">\n<p>As stewards of the Marsden Hartley Memorial Collection, the museum continues to add art and objects to this important resource. This includes artwork by Hartley, papers, photographs, and ephemera related to this noted Lewiston born artist. If you have objects that may enhance the collection, including artists in his circle and would like to discuss them with the museum, please contact us at <a href=\"mailto:museum@bates.edu\">museum@bates.edu<\/a>.<\/p>\n<\/div>\n\n\n\n<h6 class=\"js-foldaway-sections foldaway-section-header\" id=\"\"><a href=\"#\"><span>+<\/span>Contemporary Art<\/a><\/h6><div class=\"foldaway-section \">\n<p>Artists associated with art movements such as Abstract Expressionism, Arte Povera, Body Art, Chinese Cynical Realism, Color Field, Chicago Imagists, Conceptual Art, Environmental Art, Expressionism, Feminist Art, Fluxus, The Gutai, Minimalism, Neo-Expressionism, Op Art, Photorealism, Pop Art, and Postmodernism.<\/p>\n\n\n\n<h6 class=\"js-foldaway-sections foldaway-section-header\" id=\"\"><a href=\"#\"><span>+<\/span>Contemporary Artists Connected to Maine<\/a><\/h6><div class=\"foldaway-section \">\n<p>Including:<\/p>\n\n\n\n<p>El Anatsui&nbsp;<br>Poly Apfelbaum<br>Ahmed Alsoudani<br>Julie Ault<br>Will Barnett<br>Dozier Bell<br>Sanford Biggers<br>Katherine Bradford<br>Ashley Bryan<br>Vija Celm<br>Lesley Dill<br>Lois Dodd<br>Rackstraw Downes<br>David C. Driskell<br>Richard Estes<br>James Fitzgerald<br>Ann Hamilton<br>Jane Hammond<br>Dewitt Hardy<br>John Imber<br>Robert Indiana<br>Dahlov Ipcar<br>Alex Katz<br>Thomas Lanigan-Schmidt<br>Glenn Ligon<br>Whitfield Lovell<br>Brice Marden<br>Daniel Minter<br>Louise Nevelson<br>Georgia O\u2019Keeffe<br>Philip Pearlstein<br>William Pope.L<br>Eliot Porter<br>Fairfield Porter<br>Tim Rollins and K.O.S.<br>Alison Saar<br>Bettye Saar<br>Peter Saul<br>Kiki Smith<br>George Tice<br>William Wegman<br>Neil Welliver<br>William T. Williams<br>Andrew Wyeth<br>Jamie Wyeth<\/p>\n<\/div>\n\n\n\n<h6 class=\"js-foldaway-sections foldaway-section-header\" id=\"\"><a href=\"#\"><span>+<\/span>Contemporary Artists<\/a><\/h6><div class=\"foldaway-section \">\n<p>Including:<\/p>\n\n\n\n<p>Ai Weiwei<br>Josef Albers<br>Benny Andrews<br>Robert Arneson<br>Radcliffe Baily<br>John Baldessari<br>Jean-Michel Basquiat<br>Banksy<br>Romare Beardon<br>Joseph Beuys<br>Lee Bontecou<br>Louise Bourgeois<br>Mark Bradford<br>Marcel Broodthaers<br>Roger Brown<br>John Cage<br>Enrique Chagoya<br>Sue Coe<br>Robert Colescott<br>Enzo Cucchi<br>Elaine de Kooning<br>Beauford Delaney<br>Joseph Delaney<br>Agnes Denes<br>Mary Beth Edelson<br>Tracy Emin<br>\u00d6yvind Fahlstr\u00f6m<br>Helen Frankenthaler<br>Lucien Freud<br>Vanessa German<br>Kate Gilmore<br>Dan Graham<br>Oswaldo Guayasamin<br>Philip Gustin<br>Hans Haacke<br>Keith Haring<br>Grace Hartigan<br>Julie Heffernan<br>Hans Hoffman<br>Rebecca Horn<br>Jenny Holzer<br>Jasper Johns<br>Brad Kahlhamer<br>William Kentridge<br>Alison Knowles<br>Lee Krasner<br>Barbara Kruger<br>Jannis Kounellis&nbsp;<br>Thomas Lanigan-Schmidt<br>Roy Lichtenstein<br>Liu Xiaodong<br>Christian Marclay<br>Kerry James Marshall<br>Agnes Martin<br>Julie Mehretu<br>Ana Mendieta<br>Mario Merz<br>Marilyn Minter<br>Joan Mitchell<br>Robert Morris<br>Robert Motherwell<br>Takashi Murakami<br>Wengechi Mutu<br>Bruce Nauman<br>Alice Neel<br>Nicky Nodjoumi<br>Shirin Neshat<br>Yoko Ono<br>Tony Oursler<br>Nam Jun Paik<br>A.R. Penck<br>Raymond Pettibon<br>Adrian Piper<br>Sigmar Polke<br>Christina Ramberg<br>Robert Rauschenberg<br>Ad Reinhardt<br>Faith Ringgold<br>Ed Ruscha<br>Betye Saar<br>Doris Salcedo<br>Miriam Schapiro<br>Carolee Schneeman<br>Kiki Smith<br>Shahzia Sikander<br>Nancy Spero<br>Lorna Simpson<br>Masami Teraoka<br>Hank Willis Thomas<br>Mickalene Thomas<br>Bob Thompson<br>Cy Twombley<br>Kara Walker<br>Andy Warhol<br>Charles White<br>Kehinde Wiley<br>William T. Williams<br>Xu Bing<br>Jir\u00f5 Yoshihara<\/p>\n<\/div>\n\n\n\n<h6 class=\"js-foldaway-sections foldaway-section-header\" id=\"\"><a href=\"#\"><span>+<\/span>Contemporary Photographers<\/a><\/h6><div class=\"foldaway-section \">\n<p>Including:<\/p>\n\n\n\n<p>Ansel Adams<br>Diane Arbus<br>Bernd and Hilla Becher<br>Ruth Bernhard<br>Dawoud Bey<br>Edward Burtynsky<br>Harry Callahan<br>Robert Capa<br>Henri Cartier-Bresson<br>Tseng Kwong Chi<br>Paul Caponigro<br>Philip-Lorca diCorcia<br>Rineke Dijkstra<br>Harold Edgerton<br>William Eggleston<br>Elliot Erwitt<br>Samuel Fosso<br>Robert Frank<br>Lee Friedlander<br>Mario Giacomelli<br>Nan Golden<br>Katy Grannan<br>Andreas Gursky<br>Hai Bo<br>Lewis Hine<br>Roni Horn<br>Graciela Iturbide<br>Seydou Ke\u00efta<br>Helen Leavitt<br>Annie Liebovitz<br>O. Winston Link<br>Sally Mann<br>Mary Ellen Mark<br>Robert Mapplethorpe<br>Ralph Eugene Meatyard<br>Tina Midotti<br>Lisette Model<br>Richard Misrach<br>Oscar Munoz<br>Lori Nix\/Katlheen Gerber<br>Ruth Orkin<br>Luis Gonzalez Palma<br>Gordon Parks<br>Thomas Ruff<br>Sebastiao Salgado<br>Cindy Sherman<br>Malick Sidib\u00e9<br>Taryn Simon<br>Lorna Simpson<br>Aaron Siskand<br>W. Eugene Smith<br>Thomas Struth<br>Josef Sudek<br>Hiroshi Sugimoto<br>James Van Der Zee<br>Carrie Mae Weems<br>Minor White<br>Gary Winogrand<br>Ernest Withers<br>Francesca Woodman<\/p>\n<\/div>\n<\/div>\n\n\n\n<h6 class=\"js-foldaway-sections foldaway-section-header\" id=\"\"><a href=\"#\"><span>+<\/span>Modern Art<\/a><\/h6><div class=\"foldaway-section \">\n<p>Artists associated with art movements such as the Ashcan School, Bauhaus, Br\u00fccke, Constructivism, DaDa, Constructivism, Cubism, de Stijl, Expressionism, Fauvism, Futurism, Post-Impressionism, Luminism, Post Impressionism, Regionlism, Social Realism, Suprematism, Surrealism, and Symbolism.<\/p>\n\n\n\n<h6 class=\"js-foldaway-sections foldaway-section-header\" id=\"\"><a href=\"#\"><span>+<\/span>Modern Artists Connected to Maine<\/a><\/h6><div class=\"foldaway-section \">\n<p>Including:<\/p>\n\n\n\n<p>Berenice Abbott<br>George Bellows<br>Sonia Delaunay<br>Arthur Dove<br>Marcel Duchamp<br>Walker Evans<br>George Grosz<br>Childe Hassam<br>Robert Henri<br>Lewis Hine<br>Winslow Homer<br>Edward Hopper<br>Rockwell Kent<br>Yasuo Kuniyoshi<br>John Marin<br>Georgia O\u2019Keeffe<br>Waldo Peirce<br>Maurice Prendergast<br>Bridget Riley<br>Alfred Stieglitz<br>Saul Steinberg<br>Paul Strand<br>Henry Strater<br>John Twachtman<br>Todd Webb<br>Edward Weston<br>N.C. Wyeth<br>Marguerite Zorach<br>William Zorach<\/p>\n<\/div>\n\n\n\n<h6 class=\"js-foldaway-sections foldaway-section-header\" id=\"\"><a href=\"#\"><span>+<\/span>Modern Artists<\/a><\/h6><div class=\"foldaway-section \">\n<p>Including:<\/p>\n\n\n\n<p>Anni Albers<br>Max Beckmann<br>Thomas Hart Benton<br>Charles E. Burchfield<br>Elizabeth Catlett<br>Paul Cezanne<br>Beauford Delaney<br>Joesph Delaney<br>Andr\u00e9 Derain<br>Marcel Duchamp<br>James Ensor<br>Max Ernst<br>Hannah H\u00f6ch<br>Vasily Kandinsky<br>Ernst Ludwig Kischner<br>K\u00e4the Kollwitz<br>El Lissitsky<br>Roberto Matta<br>Henri Matisse<br>Piet Mondrian<br>Claude Monet<br>Emil Nolde<br>Jos\u00e9 Clemente Orozco<br>Pablo Picasso<br>Horace Pippin<br>Man Ray<br>Odilon Redon<br>Diego Rivera<br>F\u00e9lix Vallotton<br>Theo van Doesburg<br>Grant Wood<\/p>\n<\/div>\n\n\n\n<h6 class=\"js-foldaway-sections foldaway-section-header\" id=\"\"><a href=\"#\"><span>+<\/span>Modern Photographers<\/a><\/h6><div class=\"foldaway-section \">\n<p>Including:&nbsp;<\/p>\n\n\n\n<p>Eug\u00e9ne Atget<br>Margaret Bourke-White<br>Brassai, Ilsa Bing<br>Manuel Alvarez Bravo<br>Claude Cahoun<br>Henri Cartier-Bresson<br>Imogen Cunningham<br>Horst P. Horst<br>Andr\u00e9 Kert\u00e9sz<br>Dorothea Lange<br>Jacques-Henri Lartigue<br>Helen Leavett<br>Lisette Model<br>August Sander<br>Edward Weston<\/p>\n<\/div>\n<\/div>\n\n\n\n<h6 class=\"js-foldaway-sections foldaway-section-header\" id=\"\"><a href=\"#\"><span>+<\/span>Pre-Modern Art<\/a><\/h6><div class=\"foldaway-section \">\n<p>Artists associated with the Barbizon, Byzantine, Baroque, Mannerism, Neoclassical, Renaissance, and Rococo, schools and movements, old master prints, and with non-western cultures from the same periods.<\/p>\n\n\n\n<h6 class=\"js-foldaway-sections foldaway-section-header\" id=\"\"><a href=\"#\"><span>+<\/span>Pre-Modern Artists Connected to Maine<\/a><\/h6><div class=\"foldaway-section \">\n<p>Including:<\/p>\n\n\n\n<p>Paul Akers<br>Frederic E. Church<br>Charles Codman<br>Thomas Cole<br>Joseph Ticomb Harris<br>Eastman Johnson<br>Fitz Henry Lane<br>Elizabeth Heaphy Murray<br>Susanna Paine<br>Franklin B. Simmons<br>Frederick Judd Waugh<br>Charles H. Woodbury<\/p>\n<\/div>\n\n\n\n<h6 class=\"js-foldaway-sections foldaway-section-header\" id=\"\"><a href=\"#\"><span>+<\/span>Pre-Modern Artists<\/a><\/h6><div class=\"foldaway-section \">\n<p>Including:<\/p>\n\n\n\n<p>Albert Bierstadt<br>George Caleb Bingham<br>Jacques Callot<br>Mary Cassatt<br>Paul Cezanne<br>Thomas Cole<br>Gustav Courbet<br>Maurice Denis<br>Albrecht Durer<br>Hendrick Goltzius<br>Henri Matisse<br>Berthe Morisot<br>Theodore Rousseau<br>Albert Pinkham Ryder<\/p>\n<\/div>\n\n\n\n<h6 class=\"js-foldaway-sections foldaway-section-header\" id=\"\"><a href=\"#\"><span>+<\/span>Pre-Modern Photographers<\/a><\/h6><div class=\"foldaway-section \">\n<p>Including:<\/p>\n\n\n\n<p>Anna Atkins<br>Matthew Brady<br>Julia Margaret Cameron<br>Edward E. Curtis<br>Eadweard Muybridge<br>Timothy H. O\u2019Sullivan&nbsp;<br>A. J. Russell<br>William Henry Fox Talbot<br>Carleton E. Watkins<\/p>\n<\/div>\n<\/div>\n","protected":false},"excerpt":{"rendered":"<p>The museum strengthens the collection by adding art\/objects of noted artists connected&hellip;<\/p>\n","protected":false},"author":1736,"featured_media":0,"parent":13997,"menu_order":5,"comment_status":"closed","ping_status":"closed","template":"","meta":{"_hide_ai_chatbot":false,"_ai_chatbot_style":"","associated_faculty":[],"_Page_Specific_Css":"","_bates_restrict_mod":false,"_dimp_site_id":"","_dimp_override_contact":false,"_table_of_contents_display":false,"_table_of_contents_location":"","_table_of_contents_disableSticky":false,"_is_featured":false,"footnotes":"","_bates_seo_meta_description":"","_bates_seo_block_robots":false,"_bates_seo_sharing_image_id":0,"_bates_seo_sharing_image_twitter_id":0,"_bates_seo_share_title":"","_bates_seo_canonical_overwrite":"","_bates_seo_twitter_template":"","_links_to":"","_links_to_target":""},"class_list":["post-14014","page","type-page","status-publish","hentry"],"_links":{"self":[{"href":"https:\/\/www.bates.edu\/museum\/wp-json\/wp\/v2\/pages\/14014","targetHints":{"allow":["GET"]}}],"collection":[{"href":"https:\/\/www.bates.edu\/museum\/wp-json\/wp\/v2\/pages"}],"about":[{"href":"https:\/\/www.bates.edu\/museum\/wp-json\/wp\/v2\/types\/page"}],"author":[{"embeddable":true,"href":"https:\/\/www.bates.edu\/museum\/wp-json\/wp\/v2\/users\/1736"}],"replies":[{"embeddable":true,"href":"https:\/\/www.bates.edu\/museum\/wp-json\/wp\/v2\/comments?post=14014"}],"version-history":[{"count":2,"href":"https:\/\/www.bates.edu\/museum\/wp-json\/wp\/v2\/pages\/14014\/revisions"}],"predecessor-version":[{"id":14387,"href":"https:\/\/www.bates.edu\/museum\/wp-json\/wp\/v2\/pages\/14014\/revisions\/14387"}],"up":[{"embeddable":true,"href":"https:\/\/www.bates.edu\/museum\/wp-json\/wp\/v2\/pages\/13997"}],"wp:attachment":[{"href":"https:\/\/www.bates.edu\/museum\/wp-json\/wp\/v2\/media?parent=14014"}],"curies":[{"name":"wp","href":"https:\/\/api.w.org\/{rel}","templated":true}]}}