{"id":18338,"date":"2023-05-18T14:49:03","date_gmt":"2023-05-18T18:49:03","guid":{"rendered":"https:\/\/www.bates.edu\/museum\/?page_id=18338"},"modified":"2023-06-06T16:07:27","modified_gmt":"2023-06-06T20:07:27","slug":"theodule-ribot-biography","status":"publish","type":"page","link":"https:\/\/www.bates.edu\/museum\/exhibitions\/theodule-ribot-biography\/","title":{"rendered":"Th\u00e9odule Ribot Biography"},"content":{"rendered":"\n<h2 class=\"wp-block-heading has-black-color has-text-color\">Th\u00e9odule-Augustin(French, 1823 -1891)<\/h2>\n\n\n\n<p>Realist painter and printmaker Ribot was largely self-taught. He studied for a time at \u00c9cole des Arts et M\u00e9tiers de Ch\u00e2lons and apprenticed with artist Auguste-Barth\u00e9l\u00e9my Glaize after he moved to Paris in 1845, but he never studied under another master. Having always supported himself and his family through trade-work\u2014such as gilding mirrors, coloring lithographs for novels, and painting trade signs\u2014Ribot is said to have considered himself more artisan than artist.<\/p>\n\n\n\n<p>Ribot\u2019s paintings, done at night by lamplight, cast his wife and son in domestic genre scenes, as well as religious subjects, giving an intensely personal feel to much of his work. Although rooted in realism, his subject matter and style\u2014which drew heavily from the emotive work of Baroque painters like Caravaggio, <a href=\"https:\/\/www.bates.edu\/museum\/exhibitions\/rembrandt-van-rijn-biography\/\" target=\"_blank\" rel=\"noreferrer noopener\">Rembrandt<\/a>, and Diego Vel\u00e1zquez \u2014were much more in line with the expectations of the French Academy than those of the Impressionists whose work was purposefully not as grand. Because of this, Ribot was awarded medals in several Salons. In 1878, he was named an officer of the L\u00e9gion d&#8217;honneur, the highest honor in France. After he passed away in 1891, a retrospective of his work was staged at the \u00c9cole des Beaux-Arts.<\/p>\n\n\n\n<figure class=\"wp-block-gallery has-nested-images columns-6 is-cropped wp-block-gallery-1 is-layout-flex wp-block-gallery-is-layout-flex\">\n<figure class=\"wp-block-image size-large\"><a href=\"https:\/\/www.bates.edu\/museum\/files\/2023\/05\/1989.8.1.c.webp\"><img loading=\"lazy\" decoding=\"async\" width=\"900\" height=\"695\" data-id=\"18284\" src=\"https:\/\/www.bates.edu\/museum\/files\/2023\/05\/1989.8.1.c-900x695.webp\" alt=\"Leonard Baskin, Theodule Ribot, n.d., Wood engraving, 3 x 4 7\/8 in., Bates College Museum of Art, gift of John and Janet Marquess, 1989.8.1.c\" class=\"wp-image-18284\" srcset=\"https:\/\/www.bates.edu\/museum\/files\/2023\/05\/1989.8.1.c-900x695.webp 900w, https:\/\/www.bates.edu\/museum\/files\/2023\/05\/1989.8.1.c-388x300.webp 388w, https:\/\/www.bates.edu\/museum\/files\/2023\/05\/1989.8.1.c-768x593.webp 768w, https:\/\/www.bates.edu\/museum\/files\/2023\/05\/1989.8.1.c-1536x1186.webp 1536w, https:\/\/www.bates.edu\/museum\/files\/2023\/05\/1989.8.1.c-813x628.jpg 813w, https:\/\/www.bates.edu\/museum\/files\/2023\/05\/1989.8.1.c.webp 1919w\" sizes=\"(max-width: 900px) 100vw, 900px\" \/><\/a><figcaption class=\"wp-element-caption\">Leonard Baskin,<em> Theodule Ribot<\/em>, n.d., Wood engraving, 3 x 4 7\/8 in., Bates College Museum of Art, gift of John and Janet Marquess, 1989.8.1.c<\/figcaption><\/figure>\n\n\n\n<figure class=\"wp-block-image size-large\"><a href=\"https:\/\/www.bates.edu\/museum\/files\/2023\/05\/1995.29.17-small.webp\"><img loading=\"lazy\" decoding=\"async\" width=\"681\" height=\"900\" data-id=\"19025\" src=\"https:\/\/www.bates.edu\/museum\/files\/2023\/05\/1995.29.17-small-681x900.webp\" alt=\"\" class=\"wp-image-19025\" srcset=\"https:\/\/www.bates.edu\/museum\/files\/2023\/05\/1995.29.17-small-681x900.webp 681w, https:\/\/www.bates.edu\/museum\/files\/2023\/05\/1995.29.17-small-227x300.webp 227w, https:\/\/www.bates.edu\/museum\/files\/2023\/05\/1995.29.17-small-768x1014.webp 768w, https:\/\/www.bates.edu\/museum\/files\/2023\/05\/1995.29.17-small-1163x1536.webp 1163w, https:\/\/www.bates.edu\/museum\/files\/2023\/05\/1995.29.17-small-151x200.webp 151w, https:\/\/www.bates.edu\/museum\/files\/2023\/05\/1995.29.17-small-475x628.jpg 475w, https:\/\/www.bates.edu\/museum\/files\/2023\/05\/1995.29.17-small.webp 1453w\" sizes=\"(max-width: 681px) 100vw, 681px\" \/><\/a><\/figure>\n\n\n\n<figure class=\"wp-block-image size-large\"><a href=\"https:\/\/www.bates.edu\/museum\/files\/2021\/01\/blank-image-2.png\"><img loading=\"lazy\" decoding=\"async\" width=\"10\" height=\"10\" data-id=\"14895\" src=\"https:\/\/www.bates.edu\/museum\/files\/2021\/01\/blank-image-2.png\" alt=\"\" class=\"wp-image-14895\"\/><\/a><\/figure>\n<\/figure>\n","protected":false},"excerpt":{"rendered":"<p>Th\u00e9odule-Augustin(French, 1823 -1891) Realist painter and printmaker Ribot was largely self-taught. He&hellip;<\/p>\n","protected":false},"author":1626,"featured_media":0,"parent":1152,"menu_order":0,"comment_status":"closed","ping_status":"closed","template":"","meta":{"_hide_ai_chatbot":false,"_ai_chatbot_style":"","associated_faculty":[],"_Page_Specific_Css":"","_bates_restrict_mod":false,"_dimp_site_id":"","_dimp_override_contact":false,"_table_of_contents_display":false,"_table_of_contents_location":"","_table_of_contents_disableSticky":false,"_is_featured":false,"footnotes":"","_bates_seo_meta_description":"","_bates_seo_block_robots":false,"_bates_seo_sharing_image_id":0,"_bates_seo_sharing_image_twitter_id":0,"_bates_seo_share_title":"","_bates_seo_canonical_overwrite":"","_bates_seo_twitter_template":"","_links_to":"","_links_to_target":""},"class_list":["post-18338","page","type-page","status-publish","hentry"],"_links":{"self":[{"href":"https:\/\/www.bates.edu\/museum\/wp-json\/wp\/v2\/pages\/18338","targetHints":{"allow":["GET"]}}],"collection":[{"href":"https:\/\/www.bates.edu\/museum\/wp-json\/wp\/v2\/pages"}],"about":[{"href":"https:\/\/www.bates.edu\/museum\/wp-json\/wp\/v2\/types\/page"}],"author":[{"embeddable":true,"href":"https:\/\/www.bates.edu\/museum\/wp-json\/wp\/v2\/users\/1626"}],"replies":[{"embeddable":true,"href":"https:\/\/www.bates.edu\/museum\/wp-json\/wp\/v2\/comments?post=18338"}],"version-history":[{"count":5,"href":"https:\/\/www.bates.edu\/museum\/wp-json\/wp\/v2\/pages\/18338\/revisions"}],"predecessor-version":[{"id":19362,"href":"https:\/\/www.bates.edu\/museum\/wp-json\/wp\/v2\/pages\/18338\/revisions\/19362"}],"up":[{"embeddable":true,"href":"https:\/\/www.bates.edu\/museum\/wp-json\/wp\/v2\/pages\/1152"}],"wp:attachment":[{"href":"https:\/\/www.bates.edu\/museum\/wp-json\/wp\/v2\/media?parent=18338"}],"curies":[{"name":"wp","href":"https:\/\/api.w.org\/{rel}","templated":true}]}}