{"id":18457,"date":"2023-05-19T11:33:15","date_gmt":"2023-05-19T15:33:15","guid":{"rendered":"https:\/\/www.bates.edu\/museum\/?page_id=18457"},"modified":"2023-06-06T11:11:04","modified_gmt":"2023-06-06T15:11:04","slug":"jean-cocteau-biography","status":"publish","type":"page","link":"https:\/\/www.bates.edu\/museum\/exhibitions\/jean-cocteau-biography\/","title":{"rendered":"Jean Cocteau Biography"},"content":{"rendered":"\n<h2 class=\"wp-block-heading has-black-color has-text-color\">Jean Cocteau (French, 1889-1963)<\/h2>\n\n\n\n<p>As a poet, playwright, novelist, filmmaker, and designer, Cocteau was an avant-garde artist in various media and integral in the Dada and Surrealist movements. Through artistic creation, he believed in \u201cplacing those objects of the visible world which have become invisible due to the glue of habit in an unusual position which strikes the soul and gives them a tragic force.\u201d In his work, he often mixed classical myths with personal experiences.<\/p>\n\n\n\n<p>Born to a Parisian bourgeois family, Cocteau was around art from an early age and took immense interest in the theatricality and skill of the touring Ballets Russes. After WWI, he became immersed in the burgeoning arts scene in Paris, with his play Orph\u00e9e (1926) helping to renew the form of tragedy in contemporary theatre. Notable films by Cocteau include le Sang d\u2019un po\u00e8te (1930), La Belle et la B\u00eate (1946), and Orph\u00e9e (1949). Seen in Lucien Clergue\u2019s photograph titled Jean Cocteau and the Sphinx, Cocteau stands behind a mountainous background with the prop in the middle of shooting the final film of his career, Le testament d\u2019Orph\u00e9e.<\/p>\n\n\n\n<figure class=\"wp-block-gallery has-nested-images columns-default is-cropped wp-block-gallery-1 is-layout-flex wp-block-gallery-is-layout-flex\">\n<figure class=\"wp-block-image size-large\"><a href=\"https:\/\/www.bates.edu\/museum\/files\/2023\/05\/2011.5.6.webp\"><img loading=\"lazy\" decoding=\"async\" width=\"900\" height=\"616\" data-id=\"18454\" src=\"https:\/\/www.bates.edu\/museum\/files\/2023\/05\/2011.5.6-900x616.webp\" alt=\"Lucien Clergue, \nJean Cocteau and the Sphinx, photograph, 9 1\/2 x 14 in., Bates College Museum of Art, gift of Tim Grell &amp; Family, 2011.5.6\" class=\"wp-image-18454\" srcset=\"https:\/\/www.bates.edu\/museum\/files\/2023\/05\/2011.5.6-900x616.webp 900w, https:\/\/www.bates.edu\/museum\/files\/2023\/05\/2011.5.6-400x274.webp 400w, https:\/\/www.bates.edu\/museum\/files\/2023\/05\/2011.5.6-768x525.webp 768w, https:\/\/www.bates.edu\/museum\/files\/2023\/05\/2011.5.6-1536x1051.webp 1536w, https:\/\/www.bates.edu\/museum\/files\/2023\/05\/2011.5.6-918x628.jpg 918w, https:\/\/www.bates.edu\/museum\/files\/2023\/05\/2011.5.6.webp 1919w\" sizes=\"(max-width: 900px) 100vw, 900px\" \/><\/a><figcaption class=\"wp-element-caption\">Lucien Clergue,  <em>Jean Cocteau and the Sphinx<\/em>, photograph, 9 1\/2 x 14 in., Bates College Museum of Art, gift of Tim Grell &amp; Family, 2011.5.6<\/figcaption><\/figure>\n\n\n\n<figure class=\"wp-block-image size-full\"><img loading=\"lazy\" decoding=\"async\" width=\"10\" height=\"10\" data-id=\"14895\" src=\"https:\/\/www.bates.edu\/museum\/files\/2021\/01\/blank-image-2.png\" alt=\"\" class=\"wp-image-14895\"\/><\/figure>\n\n\n\n<figure class=\"wp-block-image size-large\"><img loading=\"lazy\" decoding=\"async\" width=\"10\" height=\"10\" data-id=\"14895\" src=\"https:\/\/www.bates.edu\/museum\/files\/2021\/01\/blank-image-2.png\" alt=\"\" class=\"wp-image-14895\"\/><\/figure>\n<\/figure>\n","protected":false},"excerpt":{"rendered":"<p>Jean Cocteau (French, 1889-1963) As a poet, playwright, novelist, filmmaker, and designer,&hellip;<\/p>\n","protected":false},"author":1626,"featured_media":0,"parent":1152,"menu_order":0,"comment_status":"closed","ping_status":"closed","template":"","meta":{"_hide_ai_chatbot":false,"_ai_chatbot_style":"","associated_faculty":[],"_Page_Specific_Css":"","_bates_restrict_mod":false,"_dimp_site_id":"","_dimp_override_contact":false,"_table_of_contents_display":false,"_table_of_contents_location":"","_table_of_contents_disableSticky":false,"_is_featured":false,"footnotes":"","_bates_seo_meta_description":"","_bates_seo_block_robots":false,"_bates_seo_sharing_image_id":0,"_bates_seo_sharing_image_twitter_id":0,"_bates_seo_share_title":"","_bates_seo_canonical_overwrite":"","_bates_seo_twitter_template":"","_links_to":"","_links_to_target":""},"class_list":["post-18457","page","type-page","status-publish","hentry"],"_links":{"self":[{"href":"https:\/\/www.bates.edu\/museum\/wp-json\/wp\/v2\/pages\/18457","targetHints":{"allow":["GET"]}}],"collection":[{"href":"https:\/\/www.bates.edu\/museum\/wp-json\/wp\/v2\/pages"}],"about":[{"href":"https:\/\/www.bates.edu\/museum\/wp-json\/wp\/v2\/types\/page"}],"author":[{"embeddable":true,"href":"https:\/\/www.bates.edu\/museum\/wp-json\/wp\/v2\/users\/1626"}],"replies":[{"embeddable":true,"href":"https:\/\/www.bates.edu\/museum\/wp-json\/wp\/v2\/comments?post=18457"}],"version-history":[{"count":4,"href":"https:\/\/www.bates.edu\/museum\/wp-json\/wp\/v2\/pages\/18457\/revisions"}],"predecessor-version":[{"id":19171,"href":"https:\/\/www.bates.edu\/museum\/wp-json\/wp\/v2\/pages\/18457\/revisions\/19171"}],"up":[{"embeddable":true,"href":"https:\/\/www.bates.edu\/museum\/wp-json\/wp\/v2\/pages\/1152"}],"wp:attachment":[{"href":"https:\/\/www.bates.edu\/museum\/wp-json\/wp\/v2\/media?parent=18457"}],"curies":[{"name":"wp","href":"https:\/\/api.w.org\/{rel}","templated":true}]}}