{"id":18539,"date":"2023-05-19T14:11:13","date_gmt":"2023-05-19T18:11:13","guid":{"rendered":"https:\/\/www.bates.edu\/museum\/?page_id=18539"},"modified":"2023-06-06T12:48:52","modified_gmt":"2023-06-06T16:48:52","slug":"thomas-eakins-biography","status":"publish","type":"page","link":"https:\/\/www.bates.edu\/museum\/exhibitions\/thomas-eakins-biography\/","title":{"rendered":"Thomas Eakins Biography"},"content":{"rendered":"\n<h2 class=\"wp-block-heading has-black-color has-text-color\">Thomas Eakins (American, 1844-1916)<\/h2>\n\n\n\n<p>Eakins was known for his skill at portraying the human figure. Born in Philadelphia, he attended the Pennsylvania Academy of the Fine Arts and engaged in anatomy lectures at Jefferson Medical College. This interest allowed Eakins to learn how the human body functioned and accurately depict it. Following his education in the US, the artist traveled to Paris to study at the \u00c9cole des Beaux-Arts under Jean-L\u00e9on G\u00e9r\u00f4me.<\/p>\n\n\n\n<p>Many of Eakin&#8217;s most famous works were centered around the idea of human movement and often displayed the human body in dynamic positions. These included athletic figures such as boxers, as well as women and children in interior scenes. He usually used friends and family as models for his work which skirted between genre painting and portraiture. He began teaching at the Pennsylvania Academy in 1876, but his insistence of instruction from nude figures prompted him to resign at the request of the board. At the end of his career, he focused almost solely on portraiture drawn from life.<\/p>\n\n\n\n<figure class=\"wp-block-gallery has-nested-images columns-default is-cropped wp-block-gallery-1 is-layout-flex wp-block-gallery-is-layout-flex\">\n<figure class=\"wp-block-image size-large\"><a href=\"https:\/\/www.bates.edu\/museum\/files\/2023\/05\/1988.5.1.g.webp\"><img loading=\"lazy\" decoding=\"async\" width=\"697\" height=\"900\" data-id=\"18542\" src=\"https:\/\/www.bates.edu\/museum\/files\/2023\/05\/1988.5.1.g-697x900.webp\" alt=\"Leonard Baskin, Thomas Eakins, n.d., Wood Engraving, 2 1\/4 x 1 3\/4 in., Bates College Museum of Art, Gift of John and Janet Marqusee, 1988.5.1.g\" class=\"wp-image-18542\" srcset=\"https:\/\/www.bates.edu\/museum\/files\/2023\/05\/1988.5.1.g-697x900.webp 697w, https:\/\/www.bates.edu\/museum\/files\/2023\/05\/1988.5.1.g-232x300.webp 232w, https:\/\/www.bates.edu\/museum\/files\/2023\/05\/1988.5.1.g-768x991.webp 768w, https:\/\/www.bates.edu\/museum\/files\/2023\/05\/1988.5.1.g-1190x1536.webp 1190w, https:\/\/www.bates.edu\/museum\/files\/2023\/05\/1988.5.1.g-487x628.jpg 487w, https:\/\/www.bates.edu\/museum\/files\/2023\/05\/1988.5.1.g.webp 1487w\" sizes=\"(max-width: 697px) 100vw, 697px\" \/><\/a><figcaption class=\"wp-element-caption\">Leonard Baskin, <em>Thomas Eakins<\/em>, n.d., Wood Engraving, 2 1\/4 x 1 3\/4 in., Bates College Museum of Art, Gift of John and Janet Marqusee, 1988.5.1.g<\/figcaption><\/figure>\n\n\n\n<figure class=\"wp-block-image size-large\"><img loading=\"lazy\" decoding=\"async\" width=\"10\" height=\"10\" data-id=\"14895\" src=\"https:\/\/www.bates.edu\/museum\/files\/2021\/01\/blank-image-2.png\" alt=\"\" class=\"wp-image-14895\"\/><\/figure>\n\n\n\n<figure class=\"wp-block-image size-large\"><img loading=\"lazy\" decoding=\"async\" width=\"10\" height=\"10\" data-id=\"14895\" src=\"https:\/\/www.bates.edu\/museum\/files\/2021\/01\/blank-image-2.png\" alt=\"\" class=\"wp-image-14895\"\/><\/figure>\n<\/figure>\n","protected":false},"excerpt":{"rendered":"<p>Thomas Eakins (American, 1844-1916) Eakins was known for his skill at portraying&hellip;<\/p>\n","protected":false},"author":1626,"featured_media":0,"parent":1152,"menu_order":0,"comment_status":"closed","ping_status":"closed","template":"","meta":{"_hide_ai_chatbot":false,"_ai_chatbot_style":"","associated_faculty":[],"_Page_Specific_Css":"","_bates_restrict_mod":false,"_dimp_site_id":"","_dimp_override_contact":false,"_table_of_contents_display":false,"_table_of_contents_location":"","_table_of_contents_disableSticky":false,"_is_featured":false,"footnotes":"","_bates_seo_meta_description":"","_bates_seo_block_robots":false,"_bates_seo_sharing_image_id":0,"_bates_seo_sharing_image_twitter_id":0,"_bates_seo_share_title":"","_bates_seo_canonical_overwrite":"","_bates_seo_twitter_template":"","_links_to":"","_links_to_target":""},"class_list":["post-18539","page","type-page","status-publish","hentry"],"_links":{"self":[{"href":"https:\/\/www.bates.edu\/museum\/wp-json\/wp\/v2\/pages\/18539","targetHints":{"allow":["GET"]}}],"collection":[{"href":"https:\/\/www.bates.edu\/museum\/wp-json\/wp\/v2\/pages"}],"about":[{"href":"https:\/\/www.bates.edu\/museum\/wp-json\/wp\/v2\/types\/page"}],"author":[{"embeddable":true,"href":"https:\/\/www.bates.edu\/museum\/wp-json\/wp\/v2\/users\/1626"}],"replies":[{"embeddable":true,"href":"https:\/\/www.bates.edu\/museum\/wp-json\/wp\/v2\/comments?post=18539"}],"version-history":[{"count":4,"href":"https:\/\/www.bates.edu\/museum\/wp-json\/wp\/v2\/pages\/18539\/revisions"}],"predecessor-version":[{"id":19207,"href":"https:\/\/www.bates.edu\/museum\/wp-json\/wp\/v2\/pages\/18539\/revisions\/19207"}],"up":[{"embeddable":true,"href":"https:\/\/www.bates.edu\/museum\/wp-json\/wp\/v2\/pages\/1152"}],"wp:attachment":[{"href":"https:\/\/www.bates.edu\/museum\/wp-json\/wp\/v2\/media?parent=18539"}],"curies":[{"name":"wp","href":"https:\/\/api.w.org\/{rel}","templated":true}]}}