{"id":21054,"date":"2025-02-11T11:41:19","date_gmt":"2025-02-11T16:41:19","guid":{"rendered":"https:\/\/www.bates.edu\/museum\/?page_id=21054"},"modified":"2025-04-11T10:15:34","modified_gmt":"2025-04-11T14:15:34","slug":"beth-van-hoesen-exhibition","status":"publish","type":"page","link":"https:\/\/www.bates.edu\/museum\/beth-van-hoesen-exhibition\/","title":{"rendered":"Beth Van Hoesen: Small Wonders"},"content":{"rendered":"\n<div class=\"wp-block-cover aligncenter is-light\"><span aria-hidden=\"true\" class=\"wp-block-cover__background has-background-dim-20 has-background-dim\"><\/span><img loading=\"lazy\" decoding=\"async\" width=\"1919\" height=\"1800\" class=\"wp-block-cover__image-background wp-image-21057\" alt=\"\" src=\"https:\/\/www.bates.edu\/museum\/files\/2024\/12\/2012.20.14.webp\" data-object-fit=\"cover\" srcset=\"https:\/\/www.bates.edu\/museum\/files\/2024\/12\/2012.20.14.webp 1919w, https:\/\/www.bates.edu\/museum\/files\/2024\/12\/2012.20.14-320x300.webp 320w, https:\/\/www.bates.edu\/museum\/files\/2024\/12\/2012.20.14-900x844.webp 900w, https:\/\/www.bates.edu\/museum\/files\/2024\/12\/2012.20.14-768x720.webp 768w, https:\/\/www.bates.edu\/museum\/files\/2024\/12\/2012.20.14-670x628.jpg 670w, https:\/\/www.bates.edu\/museum\/files\/2024\/12\/2012.20.14-1536x1441.webp 1536w, https:\/\/www.bates.edu\/museum\/files\/2024\/12\/2012.20.14-200x188.webp 200w\" sizes=\"(max-width: 1919px) 100vw, 1919px\" \/><div class=\"wp-block-cover__inner-container is-layout-flow wp-block-cover-is-layout-flow\">\n<h2 class=\"wp-block-heading has-text-align-center has-white-color has-text-color has-link-color wp-elements-daf6fdef2438f23c2600f740f2e5e39d\">Beth Van Hoesen: <br>Small Wonders<\/h2>\n<\/div><\/div>\n\n\n\n<p>&nbsp;<\/p>\n\n\n\n<h3 class=\"wp-block-heading has-text-align-center\">April 11 &#8211; May 24, 2025<\/h3>\n\n\n\n<div style=\"height:50px\" aria-hidden=\"true\" class=\"wp-block-spacer\"><\/div>\n\n\n\n<p>For the first time, the Bates Museum of Art is presenting our collection of artworks by Beth Van Hoesen (1926-2010), a San Francisco-based master draftswoman and printmaker whose eye captures the wonder of beholding and whose subject matter comprises the quotidian.<\/p>\n\n\n\n<p>The artist studied vastly, including at Escuela de Pintura y Escultura de la Escuela Esmeralda in Mexico City, the California School of Fine Arts in San Francisco, and the Ecole des Beaux Arts de Fontainebleau and the Acad\u00e9mie Julian and Acad\u00e9mie de la Grand Chaumi\u00e8re in Paris. She received her Bachelor of Arts degree in 1948 from Stanford University. In the mid-1940s, Van Hoesen worked alongside the Bay Area Figurative Painters, practicing realism in a time when Abstract Expressionism\u2013with its large canvases, bright colors, and spilled expressive paint forms\u2013was the dominant art form in America. For Van Hoesen, though, realism was not only a rejection of the popular art form of the time; it marked a grounding to the human and the everyday that became the focal point of her creative output.<\/p>\n\n\n\n<p>Throughout her career, Van Hoesen returned to traditional subjects of the Western canon to hone her techniques while representing the everyday contemporary life around her. The works in the Bates collection show an interest in classical figure sketching, Dutch still lifes, and Renaissance portraiture, but the artist was also likely influenced by a rise in feminist art on the West Coast beginning in the 1960s. In drawing our attention to small moments, negative space, and humanizing the female form\u2013including by naming her works after her subjects\u2013her art stands in contrast to the monumental, bold, and masculine abstract art practices of the time. Van Hoesen\u2019s works on view at Bates showcase the importance of savoring, connecting with, and memorializing our fleeting everyday sights by illuminating their wondrousness.<\/p>\n\n\n\n<div style=\"height:50px\" aria-hidden=\"true\" class=\"wp-block-spacer\"><\/div>\n\n\n\n<figure class=\"wp-block-gallery has-nested-images columns-4 is-cropped wp-block-gallery-1 is-layout-flex wp-block-gallery-is-layout-flex\">\n<figure class=\"wp-block-image size-large\"><a href=\"https:\/\/www.bates.edu\/museum\/files\/2025\/02\/2012.20.1-web-resize.webp\"><img loading=\"lazy\" decoding=\"async\" width=\"750\" height=\"900\" data-id=\"21119\" src=\"https:\/\/www.bates.edu\/museum\/files\/2025\/02\/2012.20.1-web-resize-750x900.webp\" alt=\"Beth Van Hoesen, 20 Oranges with Bowl, 1978, graphite and colored pencil on paper, Bates College Museum of Art, gift from the E. Mark Adam and Beth Van Hoesen Adams Trust, 2012.20.1\" class=\"wp-image-21119\" srcset=\"https:\/\/www.bates.edu\/museum\/files\/2025\/02\/2012.20.1-web-resize-750x900.webp 750w, https:\/\/www.bates.edu\/museum\/files\/2025\/02\/2012.20.1-web-resize-250x300.webp 250w, https:\/\/www.bates.edu\/museum\/files\/2025\/02\/2012.20.1-web-resize-768x922.webp 768w, https:\/\/www.bates.edu\/museum\/files\/2025\/02\/2012.20.1-web-resize-523x628.jpg 523w, https:\/\/www.bates.edu\/museum\/files\/2025\/02\/2012.20.1-web-resize-1280x1536.webp 1280w, https:\/\/www.bates.edu\/museum\/files\/2025\/02\/2012.20.1-web-resize-167x200.webp 167w, https:\/\/www.bates.edu\/museum\/files\/2025\/02\/2012.20.1-web-resize.webp 1599w\" sizes=\"(max-width: 750px) 100vw, 750px\" \/><\/a><figcaption class=\"wp-element-caption\"><em>20 Oranges with Bowl<\/em>, 1978, graphite and colored pencil on paper, Bates College Museum of Art, gift from the E. Mark Adam and Beth Van Hoesen Adams Trust, 2012.20.1<\/figcaption><\/figure>\n\n\n\n<figure class=\"wp-block-image size-large\"><a href=\"https:\/\/www.bates.edu\/museum\/files\/2023\/05\/2012.20.5.webp\"><img loading=\"lazy\" decoding=\"async\" width=\"722\" height=\"900\" data-id=\"18631\" src=\"https:\/\/www.bates.edu\/museum\/files\/2023\/05\/2012.20.5-722x900.webp\" alt=\"Artist self portrait in front of a second self portrait\" class=\"wp-image-18631\" srcset=\"https:\/\/www.bates.edu\/museum\/files\/2023\/05\/2012.20.5-722x900.webp 722w, https:\/\/www.bates.edu\/museum\/files\/2023\/05\/2012.20.5-241x300.webp 241w, https:\/\/www.bates.edu\/museum\/files\/2023\/05\/2012.20.5-768x958.webp 768w, https:\/\/www.bates.edu\/museum\/files\/2023\/05\/2012.20.5-1232x1536.webp 1232w, https:\/\/www.bates.edu\/museum\/files\/2023\/05\/2012.20.5-504x628.jpg 504w, https:\/\/www.bates.edu\/museum\/files\/2023\/05\/2012.20.5.webp 1539w\" sizes=\"(max-width: 722px) 100vw, 722px\" \/><\/a><figcaption class=\"wp-element-caption\"><em>Artist and Self Portrait (5\/35)<\/em>, 1966, etching on paper, Bates College Museum of Art, gift from the E. Mark Adam and Beth Van Hoesen Adams Trust, 2012.20.5<\/figcaption><\/figure>\n\n\n\n<figure class=\"wp-block-image size-large\"><a href=\"https:\/\/www.bates.edu\/museum\/files\/2020\/12\/2012.20.7.jpg\"><img loading=\"lazy\" decoding=\"async\" width=\"811\" height=\"900\" data-id=\"14832\" src=\"https:\/\/www.bates.edu\/museum\/files\/2020\/12\/2012.20.7-811x900.jpg\" alt=\"Beth Van Hoesen, Cut Glass and Nasturtiums (23\/25), engraving on paper, 8 1\/4 x 9 inches, Bates College Museum of Art, gift from the E. Mark Adam and Beth Van Hoesen Adams Trust, 2012.20.7\" class=\"wp-image-14832\" srcset=\"https:\/\/www.bates.edu\/museum\/files\/2020\/12\/2012.20.7-811x900.jpg 811w, https:\/\/www.bates.edu\/museum\/files\/2020\/12\/2012.20.7-270x300.jpg 270w, https:\/\/www.bates.edu\/museum\/files\/2020\/12\/2012.20.7-768x852.jpg 768w, https:\/\/www.bates.edu\/museum\/files\/2020\/12\/2012.20.7-1385x1536.jpg 1385w, https:\/\/www.bates.edu\/museum\/files\/2020\/12\/2012.20.7-180x200.jpg 180w, https:\/\/www.bates.edu\/museum\/files\/2020\/12\/2012.20.7.jpg 1730w\" sizes=\"(max-width: 811px) 100vw, 811px\" \/><\/a><figcaption class=\"wp-element-caption\"><em>Cut Glass and Nasturtiums (23\/25)<\/em>, engraving on paper,  Bates College Museum of Art, gift from the E. Mark Adam and Beth Van Hoesen Adams Trust, 2012.20.7<\/figcaption><\/figure>\n\n\n\n<figure class=\"wp-block-image size-large\"><a href=\"https:\/\/www.bates.edu\/museum\/files\/2025\/02\/2012.20.9-web-resize.webp\"><img loading=\"lazy\" decoding=\"async\" width=\"900\" height=\"695\" data-id=\"21118\" src=\"https:\/\/www.bates.edu\/museum\/files\/2025\/02\/2012.20.9-web-resize-900x695.webp\" alt=\"Beth Van Hoesen, Dima, 1979, graphite on paper, Bates College Museum of Art, gift from the E. Mark Adam and Beth Van Hoesen Adams Trust, 2012.20.9\" class=\"wp-image-21118\" srcset=\"https:\/\/www.bates.edu\/museum\/files\/2025\/02\/2012.20.9-web-resize-900x695.webp 900w, https:\/\/www.bates.edu\/museum\/files\/2025\/02\/2012.20.9-web-resize-388x300.webp 388w, https:\/\/www.bates.edu\/museum\/files\/2025\/02\/2012.20.9-web-resize-768x593.webp 768w, https:\/\/www.bates.edu\/museum\/files\/2025\/02\/2012.20.9-web-resize-813x628.jpg 813w, https:\/\/www.bates.edu\/museum\/files\/2025\/02\/2012.20.9-web-resize-1536x1186.webp 1536w, https:\/\/www.bates.edu\/museum\/files\/2025\/02\/2012.20.9-web-resize-200x154.webp 200w, https:\/\/www.bates.edu\/museum\/files\/2025\/02\/2012.20.9-web-resize.webp 1919w\" sizes=\"(max-width: 900px) 100vw, 900px\" \/><\/a><figcaption class=\"wp-element-caption\"><em>Dima<\/em>, 1979, graphite on paper, Bates College Museum of Art, gift from the E. Mark Adam and Beth Van Hoesen Adams Trust, 2012.20.9<\/figcaption><\/figure>\n\n\n\n<figure class=\"wp-block-image size-large\"><a href=\"https:\/\/www.bates.edu\/museum\/files\/2025\/02\/2012.20.10-web-resize.webp\"><img loading=\"lazy\" decoding=\"async\" width=\"661\" height=\"900\" data-id=\"21121\" src=\"https:\/\/www.bates.edu\/museum\/files\/2025\/02\/2012.20.10-web-resize-661x900.webp\" alt=\"Beth Van Hoesen, Claire, 1981, graphite and colored pencil on paper, Bates College Museum of Art, gift from the E. Mark Adam and Beth Van Hoesen Adams Trust, 2012.20.10\" class=\"wp-image-21121\" srcset=\"https:\/\/www.bates.edu\/museum\/files\/2025\/02\/2012.20.10-web-resize-661x900.webp 661w, https:\/\/www.bates.edu\/museum\/files\/2025\/02\/2012.20.10-web-resize-220x300.webp 220w, https:\/\/www.bates.edu\/museum\/files\/2025\/02\/2012.20.10-web-resize-768x1046.webp 768w, https:\/\/www.bates.edu\/museum\/files\/2025\/02\/2012.20.10-web-resize-461x628.jpg 461w, https:\/\/www.bates.edu\/museum\/files\/2025\/02\/2012.20.10-web-resize-1128x1536.webp 1128w, https:\/\/www.bates.edu\/museum\/files\/2025\/02\/2012.20.10-web-resize-147x200.webp 147w, https:\/\/www.bates.edu\/museum\/files\/2025\/02\/2012.20.10-web-resize.webp 1409w\" sizes=\"(max-width: 661px) 100vw, 661px\" \/><\/a><figcaption class=\"wp-element-caption\"><em>Claire<\/em>, 1981, graphite and colored pencil on paper, Bates College Museum of Art, gift from the E. Mark Adam and Beth Van Hoesen Adams Trust, 2012.20.10<\/figcaption><\/figure>\n\n\n\n<figure class=\"wp-block-image size-large\"><a href=\"https:\/\/www.bates.edu\/museum\/files\/2024\/12\/2012.20.14.webp\"><img loading=\"lazy\" decoding=\"async\" width=\"900\" height=\"844\" data-id=\"21057\" src=\"https:\/\/www.bates.edu\/museum\/files\/2024\/12\/2012.20.14-900x844.webp\" alt=\"Beth Van Hoesen, Toppy, 1985, aquatint and drypoint roulette on paper, printed in black and olive inks, Bates College Museum of Art, gift from the E. Mark Adam and Beth Van Hoesen Adams Trust, 2012.20.14\" class=\"wp-image-21057\" srcset=\"https:\/\/www.bates.edu\/museum\/files\/2024\/12\/2012.20.14-900x844.webp 900w, https:\/\/www.bates.edu\/museum\/files\/2024\/12\/2012.20.14-320x300.webp 320w, https:\/\/www.bates.edu\/museum\/files\/2024\/12\/2012.20.14-768x720.webp 768w, https:\/\/www.bates.edu\/museum\/files\/2024\/12\/2012.20.14-670x628.jpg 670w, https:\/\/www.bates.edu\/museum\/files\/2024\/12\/2012.20.14-1536x1441.webp 1536w, https:\/\/www.bates.edu\/museum\/files\/2024\/12\/2012.20.14-200x188.webp 200w, https:\/\/www.bates.edu\/museum\/files\/2024\/12\/2012.20.14.webp 1919w\" sizes=\"(max-width: 900px) 100vw, 900px\" \/><\/a><figcaption class=\"wp-element-caption\"><em>Toppy<\/em>, 1985, aquatint and drypoint roulette on paper, printed in black and olive inks, Bates College Museum of Art, gift from the E. Mark Adam and Beth Van Hoesen Adams Trust, 2012.20.14<\/figcaption><\/figure>\n\n\n\n<figure class=\"wp-block-image size-full\"><a href=\"https:\/\/www.bates.edu\/museum\/files\/2025\/02\/2012.20.17.webp\"><img loading=\"lazy\" decoding=\"async\" width=\"607\" height=\"811\" data-id=\"21146\" src=\"https:\/\/www.bates.edu\/museum\/files\/2025\/02\/2012.20.17.webp\" alt=\"Beth Van Hoesen, Tattooed Man (studio print), 1966 \" class=\"wp-image-21146\" srcset=\"https:\/\/www.bates.edu\/museum\/files\/2025\/02\/2012.20.17.webp 607w, https:\/\/www.bates.edu\/museum\/files\/2025\/02\/2012.20.17-225x300.webp 225w, https:\/\/www.bates.edu\/museum\/files\/2025\/02\/2012.20.17-470x628.jpg 470w\" sizes=\"(max-width: 607px) 100vw, 607px\" \/><\/a><figcaption class=\"wp-element-caption\"><em>Tattooed Man (studio proof)<\/em>, 1966, etching with roulette on paper, printed in blue and blacks inks, handcolored with watercolor, Bates College Museum of Art, gift of the E. Mark Adam and Beth Van Hoesen Adams Trust, 2012.20.17<\/figcaption><\/figure>\n\n\n\n<figure class=\"wp-block-image size-large\"><a href=\"https:\/\/www.bates.edu\/museum\/files\/2025\/02\/2012.20.4-web-resize.webp\"><img loading=\"lazy\" decoding=\"async\" width=\"760\" height=\"900\" data-id=\"21120\" src=\"https:\/\/www.bates.edu\/museum\/files\/2025\/02\/2012.20.4-web-resize-760x900.webp\" alt=\"Beth Van Hoesen, Steve (23\/50), 1990, aquatint, etching, and drypoint on paper printed in black and red-brown inks, Bates College Museum of Art, gift from the E. Mark Adam and Beth Van Hoesen Adams Trust, 2012.20.4\" class=\"wp-image-21120\" srcset=\"https:\/\/www.bates.edu\/museum\/files\/2025\/02\/2012.20.4-web-resize-760x900.webp 760w, https:\/\/www.bates.edu\/museum\/files\/2025\/02\/2012.20.4-web-resize-253x300.webp 253w, https:\/\/www.bates.edu\/museum\/files\/2025\/02\/2012.20.4-web-resize-768x910.webp 768w, https:\/\/www.bates.edu\/museum\/files\/2025\/02\/2012.20.4-web-resize-530x628.jpg 530w, https:\/\/www.bates.edu\/museum\/files\/2025\/02\/2012.20.4-web-resize-1297x1536.webp 1297w, https:\/\/www.bates.edu\/museum\/files\/2025\/02\/2012.20.4-web-resize-169x200.webp 169w, https:\/\/www.bates.edu\/museum\/files\/2025\/02\/2012.20.4-web-resize.webp 1620w\" sizes=\"(max-width: 760px) 100vw, 760px\" \/><\/a><figcaption class=\"wp-element-caption\"><em>Steve (23\/50)<\/em>, 1990, aquatint, etching, and drypoint on paper printed in black and red-brown inks, Bates College Museum of Art, gift from the E. Mark Adam and Beth Van Hoesen Adams Trust, 2012.20.4<\/figcaption><\/figure>\n<\/figure>\n\n\n\n<div style=\"height:50px\" aria-hidden=\"true\" class=\"wp-block-spacer\"><\/div>\n","protected":false},"excerpt":{"rendered":"<p>&nbsp; April 11 &#8211; May 24, 2025 For the first time, the&hellip;<\/p>\n","protected":false},"author":1626,"featured_media":21057,"parent":0,"menu_order":0,"comment_status":"closed","ping_status":"closed","template":"","meta":{"_hide_ai_chatbot":false,"_ai_chatbot_style":"","associated_faculty":[],"_Page_Specific_Css":"","_bates_restrict_mod":false,"_dimp_site_id":"","_dimp_override_contact":false,"_table_of_contents_display":false,"_table_of_contents_location":"","_table_of_contents_disableSticky":false,"_is_featured":false,"footnotes":"","_bates_seo_meta_description":"","_bates_seo_block_robots":false,"_bates_seo_sharing_image_id":0,"_bates_seo_sharing_image_twitter_id":0,"_bates_seo_share_title":"","_bates_seo_canonical_overwrite":"","_bates_seo_twitter_template":"","_links_to":"","_links_to_target":""},"class_list":["post-21054","page","type-page","status-publish","has-post-thumbnail","hentry"],"_links":{"self":[{"href":"https:\/\/www.bates.edu\/museum\/wp-json\/wp\/v2\/pages\/21054","targetHints":{"allow":["GET"]}}],"collection":[{"href":"https:\/\/www.bates.edu\/museum\/wp-json\/wp\/v2\/pages"}],"about":[{"href":"https:\/\/www.bates.edu\/museum\/wp-json\/wp\/v2\/types\/page"}],"author":[{"embeddable":true,"href":"https:\/\/www.bates.edu\/museum\/wp-json\/wp\/v2\/users\/1626"}],"replies":[{"embeddable":true,"href":"https:\/\/www.bates.edu\/museum\/wp-json\/wp\/v2\/comments?post=21054"}],"version-history":[{"count":17,"href":"https:\/\/www.bates.edu\/museum\/wp-json\/wp\/v2\/pages\/21054\/revisions"}],"predecessor-version":[{"id":21300,"href":"https:\/\/www.bates.edu\/museum\/wp-json\/wp\/v2\/pages\/21054\/revisions\/21300"}],"wp:featuredmedia":[{"embeddable":true,"href":"https:\/\/www.bates.edu\/museum\/wp-json\/wp\/v2\/media\/21057"}],"wp:attachment":[{"href":"https:\/\/www.bates.edu\/museum\/wp-json\/wp\/v2\/media?parent=21054"}],"curies":[{"name":"wp","href":"https:\/\/api.w.org\/{rel}","templated":true}]}}