{"id":50,"date":"2010-05-24T20:10:57","date_gmt":"2010-05-24T20:10:57","guid":{"rendered":"http:\/\/hub-dev.bates.edu\/sociology\/about-2\/"},"modified":"2026-03-19T14:37:18","modified_gmt":"2026-03-19T18:37:18","slug":"about","status":"publish","type":"page","link":"https:\/\/www.bates.edu\/sociology\/","title":{"rendered":"Welcome"},"content":{"rendered":"\n<p class=\"is-style-academic-introduction\">The curriculum in sociology is designed to introduce students to the sociological perspective, which explores social structures, cultural factors, and other variables that intersect with, and influence, individual lives.<\/p>\n\n\n\n<p>Welcome to the Sociology Department at Bates! We are a vibrant, dynamic academic unit with faculty and students interested in a wide array of issues shaping our societies and world today. Located in Lewiston, Maine, our focus goes from the very local to the global. With expertise in areas such as immigration, race, gender, class, crime, health, the family, urbanization, the economy, and politics, we offer a rich variety of courses and research opportunities for students.<\/p>\n\n\n\n<p>If you are interested in learning more about the sociological perspectives, our faculty and curriculum, and the career possibilities that a Sociology major can lead to, we invite you to explore our website and reach out to any of us.<\/p>\n\n\n\n<p>We also invite you to take a look at the American Sociological Association&#8217;s <a href=\"https:\/\/www.asanet.org\/academic-professional-resources\/major-in-sociology\/\" target=\"_blank\" rel=\"noopener\" data-saferedirecturl=\"https:\/\/www.google.com\/url?q=https:\/\/www.asanet.org\/academic-professional-resources\/major-in-sociology\/&amp;source=gmail&amp;ust=1729599338323000&amp;usg=AOvVaw1w4qYVCUktXnM8-7qC-fmA\">overview<\/a> of sociology as a major.<\/p>\n\n\n\n<div class=\"wp-block-columns is-layout-flex wp-container-core-columns-is-layout-9d6595d7 wp-block-columns-is-layout-flex\">\n<div class=\"wp-block-column is-layout-flow wp-block-column-is-layout-flow\">\n<figure class=\"wp-block-image size-large\"><a href=\"https:\/\/www.bates.edu\/sociology\/files\/2020\/02\/190131_Pettengill_3160.jpg\"><img loading=\"lazy\" decoding=\"async\" width=\"900\" height=\"600\" src=\"https:\/\/www.bates.edu\/sociology\/files\/2020\/02\/190131_Pettengill_3160-900x600.jpg\" alt=\"Students working in class\" class=\"wp-image-1605\" srcset=\"https:\/\/www.bates.edu\/sociology\/files\/2020\/02\/190131_Pettengill_3160-900x600.jpg 900w, https:\/\/www.bates.edu\/sociology\/files\/2020\/02\/190131_Pettengill_3160-400x267.jpg 400w, https:\/\/www.bates.edu\/sociology\/files\/2020\/02\/190131_Pettengill_3160-768x512.jpg 768w, https:\/\/www.bates.edu\/sociology\/files\/2020\/02\/190131_Pettengill_3160-1536x1024.jpg 1536w, https:\/\/www.bates.edu\/sociology\/files\/2020\/02\/190131_Pettengill_3160-200x133.jpg 200w, https:\/\/www.bates.edu\/sociology\/files\/2020\/02\/190131_Pettengill_3160.jpg 1919w\" sizes=\"(max-width: 900px) 100vw, 900px\" \/><\/a><\/figure>\n\n\n\n<h5 class=\"wp-block-heading\">The Major<\/h5>\n\n\n\n<div style=\"height:15px\" aria-hidden=\"true\" class=\"wp-block-spacer\"><\/div>\n\n\n\n<p>Learn about the major in Sociology at Bates.<\/p>\n\n\n\n<div style=\"height:15px\" aria-hidden=\"true\" class=\"wp-block-spacer\"><\/div>\n\n\n\n<div class=\"wp-block-buttons is-layout-flex wp-block-buttons-is-layout-flex\">\n<div class=\"wp-block-button\"><a class=\"wp-block-button__link wp-element-button\" href=\"https:\/\/www.bates.edu\/sociology\/academics-program\/academic-program\/\">Majoring in Sociology<\/a><\/div>\n<\/div>\n<\/div>\n\n\n\n<div class=\"wp-block-column is-layout-flow wp-block-column-is-layout-flow\">\n<figure class=\"wp-block-image size-full\"><a href=\"https:\/\/www.bates.edu\/sociology\/files\/2020\/02\/pgill.jpg\"><img loading=\"lazy\" decoding=\"async\" width=\"400\" height=\"281\" src=\"https:\/\/www.bates.edu\/sociology\/files\/2020\/02\/pgill.jpg\" alt=\"\" class=\"wp-image-1613\" srcset=\"https:\/\/www.bates.edu\/sociology\/files\/2020\/02\/pgill.jpg 400w, https:\/\/www.bates.edu\/sociology\/files\/2020\/02\/pgill-200x141.jpg 200w\" sizes=\"(max-width: 400px) 100vw, 400px\" \/><\/a><\/figure>\n\n\n\n<h5 class=\"wp-block-heading\">Our Faculty<\/h5>\n\n\n\n<div style=\"height:15px\" aria-hidden=\"true\" class=\"wp-block-spacer\"><\/div>\n\n\n\n<p>Meet the faculty and explore their interests.<\/p>\n\n\n\n<div style=\"height:15px\" aria-hidden=\"true\" class=\"wp-block-spacer\"><\/div>\n\n\n\n<div class=\"wp-block-buttons is-layout-flex wp-block-buttons-is-layout-flex\">\n<div class=\"wp-block-button\"><a class=\"wp-block-button__link wp-element-button\" href=\"https:\/\/www.bates.edu\/sociology\/faculty\/\">Majoring in Sociology<\/a><\/div>\n<\/div>\n<\/div>\n\n\n\n<div class=\"wp-block-column is-layout-flow wp-block-column-is-layout-flow\">\n<figure class=\"wp-block-image size-large\"><a href=\"https:\/\/www.bates.edu\/sociology\/files\/2020\/02\/Soc-Major.png\"><img loading=\"lazy\" decoding=\"async\" width=\"900\" height=\"600\" src=\"https:\/\/www.bates.edu\/sociology\/files\/2020\/02\/Soc-Major-900x600.png\" alt=\"Two people speaking on a panel\" class=\"wp-image-1602\" srcset=\"https:\/\/www.bates.edu\/sociology\/files\/2020\/02\/Soc-Major-900x600.png 900w, https:\/\/www.bates.edu\/sociology\/files\/2020\/02\/Soc-Major-400x267.png 400w, https:\/\/www.bates.edu\/sociology\/files\/2020\/02\/Soc-Major-768x512.png 768w, https:\/\/www.bates.edu\/sociology\/files\/2020\/02\/Soc-Major-1536x1024.png 1536w, https:\/\/www.bates.edu\/sociology\/files\/2020\/02\/Soc-Major-200x133.png 200w, https:\/\/www.bates.edu\/sociology\/files\/2020\/02\/Soc-Major.png 1919w\" sizes=\"(max-width: 900px) 100vw, 900px\" \/><\/a><\/figure>\n\n\n\n<h5 class=\"wp-block-heading\">Life After Bates<\/h5>\n\n\n\n<div style=\"height:15px\" aria-hidden=\"true\" class=\"wp-block-spacer\"><\/div>\n\n\n\n<p>Sociology provides an excellent background for a broad range of careers<\/p>\n\n\n\n<div style=\"height:15px\" aria-hidden=\"true\" class=\"wp-block-spacer\"><\/div>\n\n\n\n<div class=\"wp-block-buttons is-layout-flex wp-block-buttons-is-layout-flex\">\n<div class=\"wp-block-button\"><a class=\"wp-block-button__link wp-element-button\" href=\"https:\/\/www.bates.edu\/sociology\/academics\/careers\/\">Sociology Careers<\/a><\/div>\n<\/div>\n<\/div>\n<\/div>\n\n\n\n<div class=\"wp-block-bates-slideshow2-slideshow swiper-effect-slide\"><div class=\"slideshow-toolbar\"><a href=\"#\" class=\"js-open-fullscreen fullscreen-button\" title=\"View full screen\"><\/a><\/div><div id=\"slideshow1809\" class=\"swiper swiper-main has-autoheight has-pagination-progressbar\"><div class=\"swiper-button-next\"><\/div><div class=\"swiper-button-prev\"><\/div><div class=\"swiper-pagination\"><\/div><div class=\"swiper-wrapper\"><div class=\"swiper-slide\"><img decoding=\"async\" alt=\"Associate Professor of Education Mara Tieken, winner of the 2024 Kroepsch Teaching Award, teaches students in her course \u201cEDUC 231 - Perspectives on Education\u201d in Pettigrew 30 on January 16, 2025.\n\nEDUC 231 - Perspectives on Education\nThis course introduces students to foundational perspectives (anthropological, historical, philosophical, psychological, and sociological) on education and helps students apply these perspectives to contemporary schools and classrooms. The course considers several large questions: What should be the purpose of education in a democratic society? What should be the role of the school? Who should participate in making decisions about schools? In what ways do schools reflect and perpetuate larger social inequities, and, alternately, how can they contribute to a more just and inclusive society? Students must complete at least thirty hours of fieldwork.\" data-id=\"1965\" data-fullsrc=\"https:\/\/www.bates.edu\/sociology\/files\/2025\/06\/250116_Mara_Tieken_Classroom_0945.webp\" data-regsrc=\"https:\/\/www.bates.edu\/sociology\/files\/2025\/06\/250116_Mara_Tieken_Classroom_0945-900x600.webp\" src=\"https:\/\/www.bates.edu\/sociology\/files\/2025\/06\/250116_Mara_Tieken_Classroom_0945-900x600.webp\" loading=\"lazy\"\/><div class=\"image_caption\"><p>Associate Professor of Education Mara Tieken, winner of the 2024 Kroepsch Teaching Award, teaches students in her course \u201cEDUC 231 &#8211; Perspectives on Education\u201d in Pettigrew 30 on January 16, 2025.\n\nEDUC 231 &#8211; Perspectives on Education\nThis course introduces students to foundational perspectives (anthropological, historical, philosophical, psychological, and sociological) on education and helps students apply these perspectives to contemporary schools and classrooms. The course considers several large questions: What should be the purpose of education in a democratic society? What should be the role of the school? Who should participate in making decisions about schools? In what ways do schools reflect and perpetuate larger social inequities, and, alternately, how can they contribute to a more just and inclusive society? Students must complete at least thirty hours of fieldwork.<\/p><\/div><div class=\"swiper-lazy-preloader\"><\/div><\/div><div class=\"swiper-slide\"><img decoding=\"async\" alt=\"Professor of Sociology Emily Kane meets this morning with students in her First Year Seminar, \u201cInequality, Community, and Social Change,\u201d a course in which students explore community-engaged efforts to advance social change and the role of colleges and universities in those efforts.\n.\nThis morning between 9 a.m. and noon, members of the Class of 2023 gathered with their First Year Seminar classmates and instructor, who will also be their students\u2019 first-year adviser. They spent their time discussing the course as well as their academic advising.\n.\nSwipe left to see some moments the classroom with Kane and her students and with Lecturer in Environmental Studies Ethan Miller \u201900, who met with his students in his First-Year Seminar \u201cLife Beyond Capitalism,\u201d a course that draws on tools from economic anthropology and geography to examine myriad, existing noncapitalist livelihood practices in contemporary industrialized societies.\" data-id=\"1964\" data-fullsrc=\"https:\/\/www.bates.edu\/sociology\/files\/2025\/06\/190827_First_Day_First_Year_Seminars_0318.webp\" data-regsrc=\"https:\/\/www.bates.edu\/sociology\/files\/2025\/06\/190827_First_Day_First_Year_Seminars_0318-900x600.webp\" src=\"https:\/\/www.bates.edu\/sociology\/files\/2025\/06\/190827_First_Day_First_Year_Seminars_0318-900x600.webp\" loading=\"lazy\"\/><div class=\"image_caption\"><p>Professor of Sociology Emily Kane meets this morning with students in her First Year Seminar, \u201cInequality, Community, and Social Change,\u201d a course in which students explore community-engaged efforts to advance social change and the role of colleges and universities in those efforts.\n.\nThis morning between 9 a.m. and noon, members of the Class of 2023 gathered with their First Year Seminar classmates and instructor, who will also be their students\u2019 first-year adviser. They spent their time discussing the course as well as their academic advising.\n.\nSwipe left to see some moments the classroom with Kane and her students and with Lecturer in Environmental Studies Ethan Miller \u201900, who met with his students in his First-Year Seminar \u201cLife Beyond Capitalism,\u201d a course that draws on tools from economic anthropology and geography to examine myriad, existing noncapitalist livelihood practices in contemporary industrialized societies.<\/p><\/div><div class=\"swiper-lazy-preloader\"><\/div><\/div><div class=\"swiper-slide\"><img decoding=\"async\" alt=\"Professor of Sociology Emily Kane meets this morning with students in her First Year Seminar, \u00ecInequality, Community, and Social Change,\u00ee a course in which students explore community-engaged efforts to advance social change and the role of colleges and universities in those efforts.\n.\nThis morning between 9 a.m. and noon, members of the Class of 2023 gathered with their First Year Seminar classmates and instructor, who will also be their students\u00ed first-year adviser. They spent their time discussing the course as well as their academic advising.\n.\nSwipe left to see some moments the classroom with Kane and her students and with Lecturer in Environmental Studies Ethan Miller \u00ed00, who met with his students in his First-Year Seminar \u00ecLife Beyond Capitalism,\u00ee a course that draws on tools from economic anthropology and geography to examine myriad, existing noncapitalist livelihood practices in contemporary industrialized societies.\n\nCaitlyn Hanley '23\" data-id=\"1963\" data-fullsrc=\"https:\/\/www.bates.edu\/sociology\/files\/2025\/06\/190827_First_Day_First_Year_Seminars_0173.webp\" data-regsrc=\"https:\/\/www.bates.edu\/sociology\/files\/2025\/06\/190827_First_Day_First_Year_Seminars_0173-900x600.webp\" src=\"https:\/\/www.bates.edu\/sociology\/files\/2025\/06\/190827_First_Day_First_Year_Seminars_0173-900x600.webp\" loading=\"lazy\"\/><div class=\"image_caption\"><p>Professor of Sociology Emily Kane meets this morning with students in her First Year Seminar, \u00ecInequality, Community, and Social Change,\u00ee a course in which students explore community-engaged efforts to advance social change and the role of colleges and universities in those efforts.\n.\nThis morning between 9 a.m. and noon, members of the Class of 2023 gathered with their First Year Seminar classmates and instructor, who will also be their students\u00ed first-year adviser. They spent their time discussing the course as well as their academic advising.\n.\nSwipe left to see some moments the classroom with Kane and her students and with Lecturer in Environmental Studies Ethan Miller \u00ed00, who met with his students in his First-Year Seminar \u00ecLife Beyond Capitalism,\u00ee a course that draws on tools from economic anthropology and geography to examine myriad, existing noncapitalist livelihood practices in contemporary industrialized societies.\n\nCaitlyn Hanley &#8217;23<\/p><\/div><div class=\"swiper-lazy-preloader\"><\/div><\/div><div class=\"swiper-slide\"><img decoding=\"async\" alt=\"A day in the life of Pettengill Hall, featuring staff, faculty and students engaged in learning, studying, and working, with both internal and external images.\n\nFrancesco Duina teaches \u201cTheoretical Foundations of Sociology,\u201d G65\" data-id=\"1962\" data-fullsrc=\"https:\/\/www.bates.edu\/sociology\/files\/2025\/06\/190131_Pettengill_3273.webp\" data-regsrc=\"https:\/\/www.bates.edu\/sociology\/files\/2025\/06\/190131_Pettengill_3273-900x600.webp\" src=\"https:\/\/www.bates.edu\/sociology\/files\/2025\/06\/190131_Pettengill_3273-900x600.webp\" loading=\"lazy\"\/><div class=\"image_caption\"><p>A day in the life of Pettengill Hall, featuring staff, faculty and students engaged in learning, studying, and working, with both internal and external images.\n\nFrancesco Duina teaches \u201cTheoretical Foundations of Sociology,\u201d G65<\/p><\/div><div class=\"swiper-lazy-preloader\"><\/div><\/div><div class=\"swiper-slide\"><img decoding=\"async\" alt=\"A day in the life of Pettengill Hall, featuring staff, faculty and students engaged in learning, studying, and working, with both internal and external images.\n\nFrancesco Duina teaches \u00ecTheoretical Foundations of Sociology,\u00ee G65\" data-id=\"1961\" data-fullsrc=\"https:\/\/www.bates.edu\/sociology\/files\/2025\/06\/190131_Pettengill_3170.webp\" data-regsrc=\"https:\/\/www.bates.edu\/sociology\/files\/2025\/06\/190131_Pettengill_3170-900x600.webp\" src=\"https:\/\/www.bates.edu\/sociology\/files\/2025\/06\/190131_Pettengill_3170-900x600.webp\" loading=\"lazy\"\/><div class=\"image_caption\"><p>A day in the life of Pettengill Hall, featuring staff, faculty and students engaged in learning, studying, and working, with both internal and external images.\n\nFrancesco Duina teaches \u00ecTheoretical Foundations of Sociology,\u00ee G65<\/p><\/div><div class=\"swiper-lazy-preloader\"><\/div><\/div><div class=\"swiper-slide\"><img decoding=\"async\" alt=\"\" data-id=\"1783\" data-fullsrc=\"https:\/\/www.bates.edu\/sociology\/files\/2022\/04\/April-15-Thesis-Reception.webp\" data-regsrc=\"https:\/\/www.bates.edu\/sociology\/files\/2022\/04\/April-15-Thesis-Reception-900x675.webp\" src=\"https:\/\/www.bates.edu\/sociology\/files\/2022\/04\/April-15-Thesis-Reception-900x675.webp\" loading=\"lazy\"\/><div class=\"swiper-lazy-preloader\"><\/div><\/div><div class=\"swiper-slide\"><img decoding=\"async\" alt=\"A COMMON READ BINDS THE CLASS OF 2022Just before Convocation on Sept. 4, students gathered in and around Commons with their First-Year Seminars to discuss this year\u2019s Common Read, Real American: A Memoir, by Julie Lythcott-Haims.\" data-id=\"1588\" data-fullsrc=\"https:\/\/www.bates.edu\/sociology\/files\/2020\/02\/180904_Common_Read_0338-e1581453926453.jpg\" data-regsrc=\"https:\/\/www.bates.edu\/sociology\/files\/2020\/02\/180904_Common_Read_0338-900x600.jpg\" src=\"https:\/\/www.bates.edu\/sociology\/files\/2020\/02\/180904_Common_Read_0338-900x600.jpg\" loading=\"lazy\"\/><div class=\"image_caption\"><p>A COMMON READ BINDS THE CLASS OF 2022\nJust before Convocation on Sept. 4, students gathered in and around Commons with their First-Year Seminars to discuss this year\u2019s Common Read, Real American: A Memoir, by Julie Lythcott-Haims.<\/p><\/div><div class=\"swiper-lazy-preloader\"><\/div><\/div><\/div><\/div><\/div>\n","protected":false},"excerpt":{"rendered":"<p>The curriculum in sociology is designed to introduce students to the sociological&hellip;<\/p>\n","protected":false},"author":5,"featured_media":229,"parent":0,"menu_order":1,"comment_status":"closed","ping_status":"open","template":"","meta":{"_hide_ai_chatbot":false,"_ai_chatbot_style":"","associated_faculty":[],"_Page_Specific_Css":"","_bates_restrict_mod":false,"_batesModPostContentOverride_prepend":false,"_batesModPostContentOverride_append":false,"_batesModPostContentOverride_append_before_footer":false,"_table_of_contents_display":false,"_table_of_contents_location":"","_table_of_contents_disableSticky":false,"_is_featured":false,"footnotes":"","_bates_seo_meta_description":"The Department of Sociology at Bates College, including major requirements, courses, and faculty.","_bates_seo_block_robots":false,"_bates_seo_sharing_image_id":0,"_bates_seo_sharing_image_twitter_id":0,"_bates_seo_share_title":"","_bates_seo_canonical_overwrite":"https:\/\/www.bates.edu\/academics\/majors-and-minors\/sociology\/","_bates_seo_twitter_template":""},"class_list":["post-50","page","type-page","status-publish","has-post-thumbnail","hentry"],"_links":{"self":[{"href":"https:\/\/www.bates.edu\/sociology\/wp-json\/wp\/v2\/pages\/50","targetHints":{"allow":["GET"]}}],"collection":[{"href":"https:\/\/www.bates.edu\/sociology\/wp-json\/wp\/v2\/pages"}],"about":[{"href":"https:\/\/www.bates.edu\/sociology\/wp-json\/wp\/v2\/types\/page"}],"author":[{"embeddable":true,"href":"https:\/\/www.bates.edu\/sociology\/wp-json\/wp\/v2\/users\/5"}],"replies":[{"embeddable":true,"href":"https:\/\/www.bates.edu\/sociology\/wp-json\/wp\/v2\/comments?post=50"}],"version-history":[{"count":21,"href":"https:\/\/www.bates.edu\/sociology\/wp-json\/wp\/v2\/pages\/50\/revisions"}],"predecessor-version":[{"id":1989,"href":"https:\/\/www.bates.edu\/sociology\/wp-json\/wp\/v2\/pages\/50\/revisions\/1989"}],"wp:featuredmedia":[{"embeddable":true,"href":"https:\/\/www.bates.edu\/sociology\/wp-json\/wp\/v2\/media\/229"}],"wp:attachment":[{"href":"https:\/\/www.bates.edu\/sociology\/wp-json\/wp\/v2\/media?parent=50"}],"curies":[{"name":"wp","href":"https:\/\/api.w.org\/{rel}","templated":true}]}}