{"id":6375,"date":"2023-03-13T13:45:30","date_gmt":"2023-03-13T17:45:30","guid":{"rendered":"https:\/\/www.bates.edu\/summit\/?page_id=6375"},"modified":"2024-03-07T16:37:08","modified_gmt":"2024-03-07T21:37:08","slug":"final-talks-and-panels-schedule-2023","status":"publish","type":"page","link":"https:\/\/www.bates.edu\/summit\/previous-years\/2023-summit\/final-talks-and-panels-schedule-2023\/","title":{"rendered":"Final Talks and Panels Schedule 2023"},"content":{"rendered":"\n<section class=\"wp-block-bates-shortcodes-highlight highlight-box is-style-blue\">\n<p><strong>MDS 2023 Schedule<\/strong><\/p>\n\n\n\n<ul class=\"wp-block-list\">\n<li><a href=\"https:\/\/www.bates.edu\/summit\/final-poster-schedule-2023\/\">Poster Schedule<\/a><\/li>\n\n\n\n<li><a href=\"https:\/\/www.bates.edu\/summit\/final-poster-schedule-2023\/poster-abstracts-2023\/\" data-type=\"page\" data-id=\"6413\">Poster Abstracts<\/a><\/li>\n\n\n\n<li><a href=\"https:\/\/www.bates.edu\/summit\/final-talks-and-panels-schedule-2023\/\">Talks and Panels Schedule<\/a><\/li>\n\n\n\n<li><a href=\"https:\/\/www.bates.edu\/summit\/final-talks-and-panels-schedule-2023\/talks-and-panels-abstracts-2023\/\" data-type=\"page\" data-id=\"6414\">Talks and Panels Abstracts<\/a><\/li>\n<\/ul>\n<\/section>\n\n\n\n<p id=\"0\">The 2023 Mount David Summit will be held in-person. Our programming is covered over three sessions throughout the day.<\/p>\n\n\n\n<figure class=\"wp-block-table\"><table><thead><tr><th>Summit Session<\/th><th>Time<\/th><th>Jump to Schedule<\/th><\/tr><\/thead><tbody><tr><td>Session 1<\/td><td>1:45 \u2013 3 PM<\/td><td><a href=\"#1\">Jump to Session 1<\/a><\/td><\/tr><tr><td>Session 2<\/td><td>3:15 \u2013 4: 30 PM<\/td><td><a href=\"#2\">Jump to Session 2<\/a><\/td><\/tr><tr><td>Session 3<\/td><td>4:45 \u2013 6 PM<\/td><td><a href=\"#3\">Jump to Session 3<\/a><\/td><\/tr><\/tbody><\/table><\/figure>\n\n\n\n<hr class=\"wp-block-separator has-alpha-channel-opacity\"\/>\n\n\n\n<h2 class=\"wp-block-heading\">Complete Schedule<\/h2>\n\n\n\n<p>The complete schedule below allows for searching of names and keywords as well as filtering Summit session.<\/p>\n\n\n<div class=\"tablesaw-wrapper\">\n\t<div class=\"tablesaw-custom-tools\"><input class=\"tablesaw-inline-search-results\" type=\"text\" placeholder=\"Search for...\" aria-label=\"filter this table\"><div class=\"tablesaw-filter tablesaw-bar-section\" data-filter-column=\"Session\">\n\t\t<label>Filter by Session:<\/label>\n\t\t<select>\n\t\t\t<option value=\"\">&#8212;<\/option>\n\t\t<\/select>\n\t<\/div><\/div>\n\t<table class=\"tablesaw tablesaw-stack\" data-tablesaw-mode=\"stack\"  data-tablesaw-sortable data-tablesaw-sortable-switch >\n\t\t<thead><tr><th data-tablesaw-sortable-col data-tablesaw-sortable-default-col >Session<\/th>\n<th data-tablesaw-sortable-col  >Time<\/th>\n<th data-tablesaw-sortable-col  >Location<\/th>\n<th data-tablesaw-sortable-col  >Student Name\/Moderator<\/th>\n<th data-tablesaw-sortable-col  >Title<\/th>\n<th data-tablesaw-sortable-col  >Advisor<\/th><\/tr><\/thead>\n\t<tbody>\n<tr><td>0<\/td><td>All Day<\/td><td>Pettengill Hall<\/td><td><\/td><td>Barlow Off-Campus Study Photography Exhibition<\/td><td>Jennifer Hyde, Center for Global Education<\/td><\/tr>\n<tr><td>0<\/td><td>1:30 PM<\/td><td>Atrium<\/td><td>President Clayton Spencer: Dean of the Faculty Malcolm Hill<\/td><td>Opening of the Summit: Welcome<\/td><td><\/td><\/tr>\n<tr><td><h2 id=\"1\">1<\/h2><\/td><td><\/td><td><\/td><td><\/td><td><\/td><td><\/td><\/tr>\n<tr><td><strong>1<\/strong><\/td><td><strong>1:45 -3 PM<\/strong><\/td><td><\/td><td><strong>Mark L. Tizzoni, Classical and Medieval Studies, Moderator<\/strong><\/td><td><strong>Negotiating Belief in the Ancient, Medieval, and Early Modern World<\/strong><\/td><td><\/td><\/tr>\n<tr><td>1<\/td><td>1:45 -3 PM<\/td><td>Pettengill G10<\/td><td>Mary Trafton &#8217;23<\/td><td>Negotiating Belief in the Ancient, Medieval, and Early Modern World<\/td><td>Mark Tizzoni, Classical and Medieval Studies<\/td><\/tr>\n<tr><td>1<\/td><td>1:45 -3 PM<\/td><td>Pettengill G10<\/td><td>Cody Pfeiffer &#8217;23<\/td><td>Negotiating Belief in the Ancient, Medieval, and Early Modern World<\/td><td>Mark Tizzoni, Classical and Medieval Studies<\/td><\/tr>\n<tr><td>1<\/td><td>1:45 -3 PM<\/td><td>Pettengill G10<\/td><td>George Miller &#8217;25<\/td><td>Negotiating Belief in the Ancient, Medieval, and Early Modern World<\/td><td>Mark Tizzoni, Classical and Medieval Studies<\/td><\/tr>\n<tr><td>1<\/td><td><strong>1:45 -3 PM<\/strong><\/td><td><\/td><td><strong>Clarisa P\u00e9rez-Armend\u00e1riz, Politics, Moderator<\/strong><\/td><td><strong>Controlling Bodies: Power and Politics<\/strong><\/td><td><\/td><\/tr>\n<tr><td>1<\/td><td>1:45 -3 PM<\/td><td>Pettengill G21<\/td><td>Brady Chilson &#8217;23<\/td><td>Electoral Institutions and Urban and Rural Policy Attitudes: Towards A More Holistic &#8220;Urban-Rural Divide&#8221;<\/td><td>John Baughman, Politics<\/td><\/tr>\n<tr><td>1<\/td><td>1:45 -3 PM<\/td><td>Pettengill G21<\/td><td>Ivy Epstein &#8217;23<\/td><td>Feminist Mobilization, Political Contexts, and the Recent Wave of Expansion of Reproductive Rights in Latin America<\/td><td>Clarisa P\u00e9rez-Armend\u00e1riz, Politics<\/td><\/tr>\n<tr><td>1<\/td><td>1:45 -3 PM<\/td><td>Pettengill G21<\/td><td>John Wilkins &#8217;23<\/td><td>Feminist Mobilization, Political Contexts, and the Recent Wave of Expansion of Reproductive Rights in Latin America<\/td><td>Clarissa Perez-Armendariz, Politics<\/td><\/tr>\n<tr><td>1<\/td><td><strong>1:45 -3 PM<\/strong><\/td><td><\/td><td><strong>Colleen O&#8217;Loughlin, Chemistry &amp; Biochemistry, Moderator<\/strong><\/td><td><strong>Research in Biochemistry&nbsp;<\/strong><\/td><td><\/td><\/tr>\n<tr><td>1<\/td><td>1:45 -3 PM<\/td><td>Pettengill G52<\/td><td>Carson Pottle &#8217;23<\/td><td>Effects of Environmental Factors Found in Marine Oil Spills on Growth Dynamics and Survival of <em>Corynebacterium accolens<\/em><\/td><td>Colleen O&#8217;Loughlin, Chemistry and Biochemistry<\/td><\/tr>\n<tr><td>1<\/td><td>1:45 -3 PM<\/td><td>Pettengill G52<\/td><td>Jessica Kissi&#8217;23<\/td><td>Forever Chemicals: Understanding the Behavioral, Phenotypic, and Molecular Endpoints Following Mixed PFAS Exposure in Zebrafish<\/td><td>Larissa Williams, Biology<\/td><\/tr>\n<tr><td>1<\/td><td>1:45 -3 PM<\/td><td>Pettengill G52<\/td><td>Alek Zelbo &#8217;23<\/td><td>Nonlinear Optics and Plasmonics<\/td><td>Matthew J. C\u00f4t\u00e9, Chemistry and Biochemistry<\/td><\/tr>\n<tr><td>1<\/td><td><strong>1:45 -3 PM<\/strong><\/td><td><\/td><td><strong>Cynthia Baker, Religious Studies, Moderator<\/strong><\/td><td><strong>Crafting Religious Identities through Comedy, Poetry, Midrash, and Memoir<\/strong><\/td><td><\/td><\/tr>\n<tr><td>1<\/td><td>1:45 -3 PM<\/td><td>Pettengill G65<\/td><td>Gretchen Lindenfeldar &#8217;23<\/td><td>Crafting Religious Identities through Comedy, Poetry, Midrash, and Memoir<\/td><td>Cynthia Baker, Religious Studies<\/td><\/tr>\n<tr><td>1<\/td><td>1:45 -3 PM<\/td><td>Pettengill G65<\/td><td>Frances White &#8217;23<\/td><td>Crafting Religious Identities through Comedy, Poetry, Midrash, and Memoir<\/td><td>Cynthia Baker, Religious Studies<\/td><\/tr>\n<tr><td>1<\/td><td>1:45 -3 PM<\/td><td>Pettengill G65<\/td><td>Khushi Choudhary &#8217;23<\/td><td>Crafting Religious Identities through Comedy, Poetry, Midrash, and Memoir<\/td><td>Cynthia Baker, Religious Studies<\/td><\/tr>\n<tr><td>1<\/td><td><strong>1:45 -3 PM<\/strong><\/td><td><\/td><td><strong>Stephanie Kelley-Romano, Rhetoric, Film, &amp; Screen Studies, Moderator<\/strong><\/td><td><strong>Research in Rhetoric, Film and Screen Studies<\/strong><\/td><td><\/td><\/tr>\n<tr><td>1<\/td><td>1:45 -3 PM<\/td><td>Pettengill 116<\/td><td>Emily Diaz &#8217;23<\/td><td>The Colonized, Queer Body in Mariana Rondon&#8217;s <em>Pelo Malo<\/em><\/td><td>Charles Nero, Rhetoric, Film, and Screen Studies<\/td><\/tr>\n<tr><td>1<\/td><td>1:45 -3 PM<\/td><td>Pettengill 116<\/td><td>Ali Manning &#8217;23<\/td><td>Addicted Women<\/td><td>Stephanie Kelley-Romano, Rhetoric, Film, and Screen Studies<\/td><\/tr>\n<tr><td>1<\/td><td>1:45 -3 PM<\/td><td>Pettengill 116<\/td><td>Margaret Horvat &#8217;23<\/td><td>Teal Swan: A Case Study of a Modern Cult<\/td><td>Stephanie Kelley-Romano, Rhetoric, Film, and Screen Studies<\/td><\/tr>\n<tr><td>1<\/td><td><strong>1:45 -3 PM<\/strong><\/td><td><\/td><td><strong>Raluca Cernahoschi, German, Moderator<\/strong><\/td><td><strong>German Literature and Identity<\/strong><\/td><td><\/td><\/tr>\n<tr><td>1<\/td><td>1:45 -3 PM<\/td><td>Pettengill 162<\/td><td>Elliott Vahey &#8217;23<\/td><td><em>Kennen Sie Urban?<\/em> and <em>Die Legende von Paul und Paula<\/em>: Liberation from the Private Sphere?<\/td><td>Raluca Cernahoschi, German<\/td><\/tr>\n<tr><td>1<\/td><td>1:45 -3 PM<\/td><td>Pettengill 162<\/td><td>Erika Parker &#8217;23<\/td><td>How I and My Great-Grandfather Found a Homeland in a Foreign Country and the Role of German Heritage in the Feeling of Being Home. &nbsp;<\/td><td>Raluca Cernahoschi, German<\/td><\/tr>\n<tr><td><h2 id=\"2\">2<\/h2><\/td><td><\/td><td><\/td><td><\/td><td><\/td><td><\/td><\/tr>\n<tr><td>2<\/td><td><strong>3:15-4:30 PM<\/strong><\/td><td><\/td><td><strong>Sanford Freedman, English, Moderator<\/strong><\/td><td><strong>History and Literature<\/strong><\/td><td><\/td><\/tr>\n<tr><td>2<\/td><td>3:15 -4:30 PM<\/td><td>Pettengill G10<\/td><td>Aoife Spiesel &#8217;26<\/td><td>Corsets and Coitus: The Sexual Underbelly of Victorian Era England<\/td><td>Caroline Saw, History<\/td><\/tr>\n<tr><td>2<\/td><td>3:15 -4:30 PM<\/td><td>Pettengill G10<\/td><td>Pico Banerjee &#8217;23<\/td><td>Searching for the Sacred: Researching the Secret Society of Ac\u00e9phale<\/td><td>Sanford Freedman, English<\/td><\/tr>\n<tr><td>2<\/td><td><strong>3:15-4:30 PM<\/strong><\/td><td><\/td><td><strong>Tristan Koepke, Dance, Moderator<\/strong><\/td><td><strong>Be(yond) Our Bodies<\/strong><\/td><td><\/td><\/tr>\n<tr><td>2<\/td><td>3:15 -4:30 PM<\/td><td>Pettengill G21<\/td><td>Lauren Reed &#8217;23<\/td><td>Be(yond) Our Bodies<\/td><td>Brian Evans, Dance<\/td><\/tr>\n<tr><td>2<\/td><td>3:15 -4:30 PM<\/td><td>Pettengill G21<\/td><td>Katherine Buetens &#8217;24<\/td><td>Be(yond) Our Bodies<\/td><td>Brian Evans, Dance<\/td><\/tr>\n<tr><td>2<\/td><td>3:15 -4:30 PM<\/td><td>Pettengill G21<\/td><td>Anntonia Taylor &#8217;24<\/td><td>Be(yond) Our Bodies<\/td><td>Brian Evans, Dance<\/td><\/tr>\n<tr><td>2<\/td><td>3:15 -4:30 PM<\/td><td>Pettengill G21<\/td><td>Mia Bernstein &#8217;23<\/td><td>Be(yond) Our Bodies<\/td><td>Brian Evans, Dance<\/td><\/tr>\n<tr><td>2<\/td><td><strong>3:15-4:30 PM<\/strong><\/td><td><\/td><td><strong>Michael Rocque, Sociology, Moderator<\/strong><\/td><td><strong>Sociological Analyses of Social Problems: A Student Thesis Panel<\/strong><\/td><td><\/td><\/tr>\n<tr><td>2<\/td><td>3:15 -4:30 PM<\/td><td>Pettengill G65<\/td><td>Tori Kusukawa &#8217;23<\/td><td>Sociological Analyses of Social Problems: A Student Thesis Panel<\/td><td>Michael Rocque, Sociology<\/td><\/tr>\n<tr><td>2<\/td><td>3:15 -4:30 PM<\/td><td>Pettengill G65<\/td><td>Emily DiBartolo &#8217;23<\/td><td>Sociological Analyses of Social Problems: A Student Thesis Panel<\/td><td>Michael Rocque, Sociology<\/td><\/tr>\n<tr><td>2<\/td><td>3:15 -4:30 PM<\/td><td>Pettengill G65<\/td><td>Claudia Petrie &#8217;23<\/td><td>Sociological Analyses of Social Problems: A Student Thesis Panel<\/td><td>Michael Rocque, Sociology<\/td><\/tr>\n<tr><td>2<\/td><td>3:15 -4:30 PM<\/td><td>Pettengill G65<\/td><td>Ilana Zeilinger &#8217;23<\/td><td>Sociological Analyses of Social Problems: A Student Thesis Panel<\/td><td>Michael Rocque, Sociology<\/td><\/tr>\n<tr><td>2<\/td><td>3:15 -4:30 PM<\/td><td>Pettengill G65<\/td><td>Adi Sandoval &#8217;23<\/td><td>Sociological Analyses of Social Problems: A Student Thesis Panel<\/td><td>Michael Rocque, Sociology<\/td><\/tr>\n<tr><td>2<\/td><td>3:15 -4:30 PM<\/td><td>Pettengill G65<\/td><td>Jasmine Candelaria &#8217;23<\/td><td>Sociological Analyses of Social Problems: A Student Thesis Panel<\/td><td>Michael Rocque, Sociology<\/td><\/tr>\n<tr><td>2<\/td><td><strong>3:15-4:30 PM<\/strong><\/td><td><\/td><td><strong>Myronn Hardy, English, Moderator<\/strong><\/td><td><strong>Creative Writing Thesis Reading<\/strong><\/td><td><\/td><\/tr>\n<tr><td>2<\/td><td>3:15 -4:30 PM<\/td><td>Pettengill G52<\/td><td>Alex Tan &#8217;23<\/td><td>Selected Poems from Alex Tan\u2019s Leaving<\/td><td>Myronn Hardy, English<\/td><\/tr>\n<tr><td>2<\/td><td>3:15 -4:30 PM<\/td><td>Pettengill G52<\/td><td>Chase Crawford &#8217;23<\/td><td>Creative Thesis Poetry Presentation<\/td><td>Lillian Nayder, English<\/td><\/tr>\n<tr><td>2<\/td><td>3:15 -4:30 PM<\/td><td>Pettengill G52<\/td><td>Hailey Stephens &#8217;23<\/td><td>Permanent Residence<\/td><td>Myronn Hardy, English<\/td><\/tr>\n<tr><td>2<\/td><td>3:15 -4:30 PM<\/td><td>Pettengill G52<\/td><td>Grace Biddle &#8217;23<\/td><td>Dirty Bird: Poetry Reading<\/td><td>Myronn Hardy, English<\/td><\/tr>\n<tr><td>2<\/td><td>3:15 -4:30 PM<\/td><td>Pettengill G52<\/td><td>Lucie Green &#8217;23<\/td><td>Poems by Lucie Green<\/td><td>Katie Adkison, English<\/td><\/tr>\n<tr><td>2<\/td><td>3:15 -4:30 PM<\/td><td>Pettengill G52<\/td><td>Maria Gray &#8217;23<\/td><td>Boomerang<\/td><td>Myronn Hardy, English<\/td><\/tr>\n<tr><td>2<\/td><td><strong>3:15-4:30 PM<\/strong><\/td><td><\/td><td><strong>Cynthia Baker, Religious Studies, Moderator<\/strong><\/td><td><strong>Religion in America: Ancient Traditions ~ Modern Iterations<\/strong><\/td><td><\/td><\/tr>\n<tr><td>2<\/td><td>3:15 -4:30 PM<\/td><td>Pettengill 116<\/td><td>Max Devon &#8217;23<\/td><td>Religion in America: Ancient Traditions ~ Modern Iterations<\/td><td>Cynthia Baker, Religious Studies<\/td><\/tr>\n<tr><td>2<\/td><td>3:15 -4:30 PM<\/td><td>Pettengill 116<\/td><td>Alice Cockerham &#8217;23<\/td><td>Religion in America: Ancient Traditions ~ Modern Iterations<\/td><td>Cynthia Baker, Religious Studies<\/td><\/tr>\n<tr><td>2<\/td><td>3:15 -4:30 PM<\/td><td>Pettengill 116<\/td><td>Alex Platt &#8217;23<\/td><td>Religion in America: Ancient Traditions ~ Modern Iterations<\/td><td>Cynthia Baker, Religious Studies<\/td><\/tr>\n<tr><td>2<\/td><td><strong>3:15-4:30 PM<\/strong><\/td><td><\/td><td><strong>Susan Langdon, Psychology, Moderator<\/strong><\/td><td><strong>Mind and Body: Interdisciplinary Studies and Psychology<\/strong><\/td><td><\/td><\/tr>\n<tr><td>2<\/td><td>3:15 -4:30 PM<\/td><td>Pettengill 162<\/td><td>Katia Ryan &#8217;23<\/td><td>Experiential Learning and the Contemplative Mind<\/td><td>Robert Strong, English<\/td><\/tr>\n<tr><td>2<\/td><td>3:15 -4:30 PM<\/td><td>Pettengill 162<\/td><td>Aanika Patel &#8217;23<\/td><td>Glow-Up: The Unstudied Phenomenon on Appearance<\/td><td>Susan Langdon, Psychology<\/td><\/tr>\n<tr><td><h2 id=\"3\">3<\/h2><\/td><td><\/td><td><\/td><td><\/td><td><\/td><td><\/td><\/tr>\n<tr><td>3<\/td><td><strong>4:45 &#8211; 6 PM<\/strong><\/td><td><\/td><td><strong>Michael Sargent, Psychology, Moderator<\/strong><\/td><td><strong>Research in Social Sciences: Psychology and Sociology<\/strong><\/td><td><\/td><\/tr>\n<tr><td>3<\/td><td>4:45 &#8211; 6 PM<\/td><td>Pettengill G10<\/td><td>Nathan Berry &#8217;23<\/td><td>The Effects of Conservative Ingroup\/Loyalty on Group Belongingness and Life Satisfaction<\/td><td>Michael Sargent, Psychology<\/td><\/tr>\n<tr><td>3<\/td><td>4:45 &#8211; 6 PM<\/td><td>Pettengill G10<\/td><td>Willa Wang &#8217;25<\/td><td>Producing \u201cSuperkids\u201d: A Qualitative Research on the Subjectivity Formation of Chinese High-School Students Migrating Locally and Internationally<\/td><td>Francesco Duina, Sociology<\/td><\/tr>\n<tr><td>3<\/td><td><strong>4:45 &#8211; 6 PM<\/strong><\/td><td><\/td><td><strong>Aleksandar Diamond-Stanic, Physics, Moderator<\/strong><\/td><td><strong>Research in STEM<\/strong><\/td><td><\/td><\/tr>\n<tr><td>3<\/td><td>4:45 &#8211; 6 PM<\/td><td>Pettengill G21<\/td><td>Brandon Villalta Lopez &#8217;25<\/td><td>Galaxies Fart, too: A Story of Galactic Evolution from the Beginning of Time<\/td><td>Aleksandar Diamond-Stanic, Physics<\/td><\/tr>\n<tr><td>3<\/td><td>4:45 &#8211; 6 PM<\/td><td>Pettengill G21<\/td><td>Connor Ahern &#8217;23<\/td><td>Development of an Erythrocyte-Specific TRAP Vector<\/td><td>Larissa Williams, Biology<\/td><\/tr>\n<tr><td>3<\/td><td>4:45 &#8211; 6 PM<\/td><td>Pettengill G21<\/td><td>Sam Faasen &#8217;23<\/td><td>Effect of Tet2 Inhibition on Aged Cognition and Memory<\/td><td>Andrew Kennedy, Chemistry and Biochemistry<\/td><\/tr>\n<tr><td>3<\/td><td>4:45 &#8211; 6 PM<\/td><td>Pettengill G21<\/td><td>Grace Acton &#8217;24<\/td><td>Into the Zooniverse: Crowdsourcing Data for the Bates Museum of Art Collection<\/td><td>Daniel Mills, Bates College Museum of Art<\/td><\/tr>\n<tr><td>3<\/td><td>4:45 &#8211; 6 PM<\/td><td>Pettengill G21<\/td><td>Belize Iteriteka &#8217;23<\/td><td>Does Exposure to Triphenyl Phosphate and Bisphenol S Cause Retinoschisis?<\/td><td>Larissa Williams, Biology<\/td><\/tr>\n<tr><td>3<\/td><td><strong>4:45 &#8211; 6 PM<\/strong><\/td><td><\/td><td><strong>Gina Fatone, Music, Moderator<\/strong><\/td><td><strong>Music, Space, and Identity<\/strong><\/td><td><\/td><\/tr>\n<tr><td>3<\/td><td>4:45 &#8211; 6 PM<\/td><td>Pettengill G65<\/td><td>Kenyon Moore &#8217;25<\/td><td>Music, Space, and Identity<\/td><td>Gina Fatone, Music<\/td><\/tr>\n<tr><td>3<\/td><td>4:45 &#8211; 6 PM<\/td><td>Pettengill G65<\/td><td>David Nimura &#8217;25<\/td><td>Music, Space, and Identity<\/td><td>Gina Fatone, Music<\/td><\/tr>\n<tr><td>3<\/td><td>4:45 &#8211; 6 PM<\/td><td>Pettengill G65<\/td><td>Jeremy Schrieber &#8217;24<\/td><td>Music, Space, and Identity<\/td><td>Gina Fatone, Music<\/td><\/tr>\n<tr><td>3<\/td><td>4:45 &#8211; 6 PM<\/td><td>Pettengill G65<\/td><td>Xanthe Miller &#8217;25<\/td><td>Music, Space, and Identity<\/td><td>Gina Fatone, Music<\/td><\/tr>\n<tr><td>3<\/td><td>4:45 &#8211; 6 PM<\/td><td>Pettengill G65<\/td><td>Jeremy Brogan &#8217;24<\/td><td>Music, Space, and Identity<\/td><td>Gina Fatone, Music<\/td><\/tr>\n<tr><td>3<\/td><td><strong>4:45 &#8211; 6 PM<\/strong><\/td><td><\/td><td><strong>Alison Melnick, Religious Studies, Moderator<\/strong><\/td><td><strong>Traversing Valleys to Scale Mountains: Lines of Change in the High Himalaya<\/strong><\/td><td><\/td><\/tr>\n<tr><td>3<\/td><td>4:45 &#8211; 6 PM<\/td><td>Pettengilll 116<\/td><td>Nash Holley &#8217;24<\/td><td>Traversing Valleys to Scale Mountains: Lines of Change in the High Himalaya<\/td><td>Alison Melnick, Religious Studies<\/td><\/tr>\n<tr><td>3<\/td><td>4:45 &#8211; 6 PM<\/td><td>Pettengilll 116<\/td><td>Jakob Adler &#8217;24<\/td><td>Traversing Valleys to Scale Mountains: Lines of Change in the High Himalaya<\/td><td>Alison Melnick, Religious Studies<\/td><\/tr>\n<tr><td>3<\/td><td>4:45 &#8211; 6 PM<\/td><td>Pettengilll 116<\/td><td>Jack Cantor &#8217;23<\/td><td>Traversing Valleys to Scale Mountains: Lines of Change in the High Himalaya<\/td><td>Alison Melnick, Religious Studies<\/td><\/tr>\n<tr><td>3<\/td><td><strong>4:45 &#8211; 6 PM<\/strong><\/td><td><\/td><td><strong>Claudia Aburto Guzm\u00e1n, Hispanic Studies, Moderator<\/strong><\/td><td><strong>Senior Thesis in Hispanic Studies<\/strong><\/td><td><\/td><\/tr>\n<tr><td>3<\/td><td>4:45 &#8211; 6 PM<\/td><td>Pettengill 162<\/td><td>Emme Pike &#8217;23<\/td><td>Senior Thesis in Hispanic Studies: \u00a1Limpia Tus Propios Platos!: Explorando Masculinidad Hegem\u00f3nica en <em>Jane the Virgin<\/em><\/td><td>Francisca Lopez, Hispanic Studies<\/td><\/tr>\n<tr><td>3<\/td><td>4:45 &#8211; 6 PM<\/td><td>Pettengill 162<\/td><td>Ilana Rosker &#8217;23<\/td><td>Senior Thesis in Hispanic Studies<em>: <\/em>La Imaginaci\u00f3n, la Ruptura, y la Magia: Haciendo Espacio para la Conciencia Alternativa a Trav\u00e9s de la Poes\u00eda Latinx<\/td><td>Claudia Aburto Guzm\u00e1n, Hispanic Studies<\/td><\/tr>\n<\/tbody><\/table><\/div>","protected":false},"excerpt":{"rendered":"<p>The 2023 Mount David Summit will be held in-person. Our programming is&hellip;<\/p>\n","protected":false},"author":5,"featured_media":0,"parent":6514,"menu_order":0,"comment_status":"closed","ping_status":"closed","template":"","meta":{"_hide_ai_chatbot":false,"_ai_chatbot_style":"","associated_faculty":[],"_Page_Specific_Css":"","_bates_restrict_mod":false,"_table_of_contents_display":false,"_table_of_contents_location":"","_table_of_contents_disableSticky":false,"_is_featured":false,"footnotes":"","_bates_seo_meta_description":"","_bates_seo_block_robots":false,"_bates_seo_sharing_image_id":0,"_bates_seo_sharing_image_twitter_id":0,"_bates_seo_share_title":"","_bates_seo_canonical_overwrite":"","_bates_seo_twitter_template":""},"class_list":["post-6375","page","type-page","status-publish","hentry"],"_links":{"self":[{"href":"https:\/\/www.bates.edu\/summit\/wp-json\/wp\/v2\/pages\/6375","targetHints":{"allow":["GET"]}}],"collection":[{"href":"https:\/\/www.bates.edu\/summit\/wp-json\/wp\/v2\/pages"}],"about":[{"href":"https:\/\/www.bates.edu\/summit\/wp-json\/wp\/v2\/types\/page"}],"author":[{"embeddable":true,"href":"https:\/\/www.bates.edu\/summit\/wp-json\/wp\/v2\/users\/5"}],"replies":[{"embeddable":true,"href":"https:\/\/www.bates.edu\/summit\/wp-json\/wp\/v2\/comments?post=6375"}],"version-history":[{"count":12,"href":"https:\/\/www.bates.edu\/summit\/wp-json\/wp\/v2\/pages\/6375\/revisions"}],"predecessor-version":[{"id":6412,"href":"https:\/\/www.bates.edu\/summit\/wp-json\/wp\/v2\/pages\/6375\/revisions\/6412"}],"up":[{"embeddable":true,"href":"https:\/\/www.bates.edu\/summit\/wp-json\/wp\/v2\/pages\/6514"}],"wp:attachment":[{"href":"https:\/\/www.bates.edu\/summit\/wp-json\/wp\/v2\/media?parent=6375"}],"curies":[{"name":"wp","href":"https:\/\/api.w.org\/{rel}","templated":true}]}}